{"id":1966,"date":"2020-11-30T14:38:24","date_gmt":"2020-11-30T14:38:24","guid":{"rendered":"http:\/\/www.hairconsultancy.nl\/beratungsgespr-ch\/"},"modified":"2021-01-06T17:30:31","modified_gmt":"2021-01-06T17:30:31","slug":"beratungsgespr-ch","status":"publish","type":"page","link":"https:\/\/www.hairconsultancy.nl\/de\/information\/beratungsgespr-ch\/","title":{"rendered":"Informationsgespr\u00e4ch"},"content":{"rendered":"\n<p id=\"block-fc721b73-4013-4317-a28e-784982c6cde8\"><p><strong>Informationsgespr\u00e4ch<\/strong><br\/>&#13;\nSie vereinbaren einen Termin f\u00fcr ein Informationsgespr\u00e4ch.&#13;\nDiese Konsultation dauert etwa 1 bis 1,5 Stunden, ist kostenlos und unverbindlich.&#13;\nIn diesem Gespr\u00e4ch teilen Sie uns Ihren Wunsch, Ihr Bed\u00fcrfnis bzw. Ihre Notwendigkeit mit und wir schauen uns die bestehende Situation an und informieren Sie \u00fcber die Ursache Ihres Haarausfalls.&#13;\n<\/p><\/p>\n<script type=\"text\/javascript\">\n\/* <![CDATA[ *\/\nvar gform;gform||(document.addEventListener(\"gform_main_scripts_loaded\",function(){gform.scriptsLoaded=!0}),document.addEventListener(\"gform\/theme\/scripts_loaded\",function(){gform.themeScriptsLoaded=!0}),window.addEventListener(\"DOMContentLoaded\",function(){gform.domLoaded=!0}),gform={domLoaded:!1,scriptsLoaded:!1,themeScriptsLoaded:!1,isFormEditor:()=>\"function\"==typeof InitializeEditor,callIfLoaded:function(o){return!(!gform.domLoaded||!gform.scriptsLoaded||!gform.themeScriptsLoaded&&!gform.isFormEditor()||(gform.isFormEditor()&&console.warn(\"The use of gform.initializeOnLoaded() is deprecated in the form editor context and will be removed in Gravity Forms 3.1.\"),o(),0))},initializeOnLoaded:function(o){gform.callIfLoaded(o)||(document.addEventListener(\"gform_main_scripts_loaded\",()=>{gform.scriptsLoaded=!0,gform.callIfLoaded(o)}),document.addEventListener(\"gform\/theme\/scripts_loaded\",()=>{gform.themeScriptsLoaded=!0,gform.callIfLoaded(o)}),window.addEventListener(\"DOMContentLoaded\",()=>{gform.domLoaded=!0,gform.callIfLoaded(o)}))},hooks:{action:{},filter:{}},addAction:function(o,r,e,t){gform.addHook(\"action\",o,r,e,t)},addFilter:function(o,r,e,t){gform.addHook(\"filter\",o,r,e,t)},doAction:function(o){gform.doHook(\"action\",o,arguments)},applyFilters:function(o){return gform.doHook(\"filter\",o,arguments)},removeAction:function(o,r){gform.removeHook(\"action\",o,r)},removeFilter:function(o,r,e){gform.removeHook(\"filter\",o,r,e)},addHook:function(o,r,e,t,n){null==gform.hooks[o][r]&&(gform.hooks[o][r]=[]);var d=gform.hooks[o][r];null==n&&(n=r+\"_\"+d.length),gform.hooks[o][r].push({tag:n,callable:e,priority:t=null==t?10:t})},doHook:function(r,o,e){var t;if(e=Array.prototype.slice.call(e,1),null!=gform.hooks[r][o]&&((o=gform.hooks[r][o]).sort(function(o,r){return o.priority-r.priority}),o.forEach(function(o){\"function\"!=typeof(t=o.callable)&&(t=window[t]),\"action\"==r?t.apply(null,e):e[0]=t.apply(null,e)})),\"filter\"==r)return e[0]},removeHook:function(o,r,t,n){var e;null!=gform.hooks[o][r]&&(e=(e=gform.hooks[o][r]).filter(function(o,r,e){return!!(null!=n&&n!=o.tag||null!=t&&t!=o.priority)}),gform.hooks[o][r]=e)}});\n\/* ]]> *\/\n<\/script>\n\n                <div class='gf_browser_gecko gform_wrapper gform_legacy_markup_wrapper gform-theme--no-framework' data-form-theme='legacy' data-form-index='0' id='gform_wrapper_12' ><div id='gf_12' class='gform_anchor' tabindex='-1'><\/div><form method='post' enctype='multipart\/form-data' target='gform_ajax_frame_12' id='gform_12'  action='\/de\/wp-json\/wp\/v2\/pages\/1966#gf_12' data-formid='12' novalidate> \r\n <input type='hidden' class='gforms-pum' value='{\"closepopup\":false,\"closedelay\":0,\"openpopup\":false,\"openpopup_id\":0}' \/>\n                        <div class='gform-body gform_body'><ul id='gform_fields_12' class='gform_fields top_label form_sublabel_below description_above validation_below'><li id=\"field_12_11\" class=\"gfield gfield--type-honeypot gform_validation_container field_sublabel_below gfield--has-description field_description_above field_validation_below gfield_visibility_visible\"  ><label class='gfield_label gform-field-label' for='input_12_11'>Phone<\/label><div class='gfield_description' id='gfield_description_12_11'>Dieses Feld dient zur Validierung und sollte nicht ver\u00e4ndert werden.<\/div><div class='ginput_container'><input name='input_11' id='input_12_11' type='text' value='' autocomplete='new-password'\/><\/div><\/li><li id=\"field_12_3\" class=\"gfield gfield--type-textarea field_sublabel_below gfield--no-description field_description_above field_validation_below gfield_visibility_visible\"  ><label class='gfield_label gform-field-label' for='input_12_3'>Was w\u00fcrden Sie gerne besprechen?<\/label><div class='ginput_container ginput_container_textarea'><textarea name='input_3' id='input_12_3' class='textarea medium' tabindex='120'     aria-invalid=\"false\"   rows='10' cols='50'><\/textarea><\/div><\/li><li id=\"field_12_1\" class=\"gfield gfield--type-text field_sublabel_below gfield--no-description field_description_above field_validation_below gfield_visibility_visible\"  ><label class='gfield_label gform-field-label' for='input_12_1'>Vorname und Familienname<\/label><div class='ginput_container ginput_container_text'><input name='input_1' id='input_12_1' type='text' value='' class='medium'   tabindex='121'   aria-invalid=\"false\"   \/><\/div><\/li><li id=\"field_12_2\" class=\"gfield gfield--type-email gfield_contains_required field_sublabel_below gfield--no-description field_description_above field_validation_below gfield_visibility_visible\"  ><label class='gfield_label gform-field-label' for='input_12_2'>E-mail-Adresse<span class=\"gfield_required\"><span class=\"gfield_required gfield_required_asterisk\">*<\/span><\/span><\/label><div class='ginput_container ginput_container_email'>\n                            <input name='input_2' id='input_12_2' type='email' value='' class='medium' tabindex='122'   aria-required=\"true\" aria-invalid=\"false\"  \/>\n                        <\/div><\/li><li id=\"field_12_5\" class=\"gfield gfield--type-text gfield_contains_required field_sublabel_below gfield--has-description field_description_above field_validation_below gfield_visibility_visible\"  ><label class='gfield_label gform-field-label' for='input_12_5'>Telefonnummer<span class=\"gfield_required\"><span class=\"gfield_required gfield_required_asterisk\">*<\/span><\/span><\/label><div class='gfield_description' id='gfield_description_12_5'>Wie k\u00f6nnen wir Sie erreichen?<\/div><div class='ginput_container ginput_container_text'><input name='input_5' id='input_12_5' type='text' value='' class='medium'  aria-describedby=\"gfield_description_12_5\" tabindex='123'  aria-required=\"true\" aria-invalid=\"false\"   \/><\/div><\/li><li id=\"field_12_7\" class=\"gfield gfield--type-textarea field_sublabel_below gfield--has-description field_description_above field_validation_below gfield_visibility_visible\"  ><label class='gfield_label gform-field-label' for='input_12_7'>Haben Sie eine Pr\u00e4ferenz f\u00fcr ein Datum oder eine Uhrzeit?<\/label><div class='gfield_description' id='gfield_description_12_7'>Geben Sie Ihre Pr\u00e4ferenz(en) an, falls zutreffend<\/div><div class='ginput_container ginput_container_textarea'><textarea name='input_7' id='input_12_7' class='textarea medium' tabindex='124' aria-describedby=\"gfield_description_12_7\"    aria-invalid=\"false\"   rows='10' cols='50'><\/textarea><\/div><\/li><li id=\"field_12_8\" class=\"gfield gfield--type-hidden gform_hidden field_sublabel_below gfield--no-description field_description_above field_validation_below gfield_visibility_visible\"  ><div class='ginput_container ginput_container_text'><input name='input_8' id='input_12_8' type='hidden' class='gform_hidden'  aria-invalid=\"false\" value='https:\/\/www.hairconsultancy.nl\/de\/wp-json\/wp\/v2\/pages\/1966' \/><\/div><\/li><li id=\"field_12_9\" class=\"gfield gfield--type-hidden gform_hidden field_sublabel_below gfield--no-description field_description_above field_validation_below gfield_visibility_visible\"  ><div class='ginput_container ginput_container_text'><input name='input_9' id='input_12_9' type='hidden' class='gform_hidden'  aria-invalid=\"false\" value='' \/><\/div><\/li><li id=\"field_12_10\" class=\"gfield gfield--type-checkbox gfield--type-choice gfield_contains_required field_sublabel_below gfield--has-description field_description_below field_validation_below gfield_visibility_visible\"  ><label class='gfield_label gform-field-label gfield_label_before_complex' >Datenschutz<span class=\"gfield_required\"><span class=\"gfield_required gfield_required_asterisk\">*<\/span><\/span><\/label><div class='ginput_container ginput_container_checkbox'><ul class='gfield_checkbox' id='input_12_10'><li class='gchoice gchoice_12_10_1'>\n\t\t\t\t\t\t\t\t<input class='gfield-choice-input' name='input_10.1' type='checkbox'  value='Ich stimme den Allgemeine Gesch\u00e4ftsbedingungen und der Datenschutzerkl\u00e4rung zu'  id='choice_12_10_1' tabindex='125'  aria-describedby=\"gfield_description_12_10\"\/>\n\t\t\t\t\t\t\t\t<label for='choice_12_10_1' id='label_12_10_1' class='gform-field-label gform-field-label--type-inline'>Ich stimme den Allgemeine Gesch\u00e4ftsbedingungen und der Datenschutzerkl\u00e4rung zu<\/label>\n\t\t\t\t\t\t\t<\/li><\/ul><\/div><div class='gfield_description' id='gfield_description_12_10'><a href=\"\/de\/allgemeinen-bedingungen\/\">Allgemeine Gesch\u00e4ftsbedingungen<\/a> <\/br> <a href=\"\/de\/datenschutzerklaerung\/\"> Datenschutzerkl\u00e4rung<\/a> <\/div><\/li><\/ul><\/div>\n        <div class='gform-footer gform_footer top_label'> <input type='submit' id='gform_submit_button_12' class='gform_button button' onclick='gform.submission.handleButtonClick(this);' data-submission-type='submit' value='Absenden' tabindex='126' \/> <input type='hidden' name='gform_ajax' value='form_id=12&amp;title=&amp;description=&amp;tabindex=120&amp;theme=legacy&amp;styles=[]&amp;hash=daa42e23c3a21e9f0b578618f1c2fc5a' \/>\n            <input type='hidden' class='gform_hidden' name='gform_submission_method' data-js='gform_submission_method_12' value='iframe' \/>\n            <input type='hidden' class='gform_hidden' name='gform_theme' data-js='gform_theme_12' id='gform_theme_12' value='legacy' \/>\n            <input type='hidden' class='gform_hidden' name='gform_style_settings' data-js='gform_style_settings_12' id='gform_style_settings_12' value='[]' \/>\n            <input type='hidden' class='gform_hidden' name='is_submit_12' value='1' \/>\n            <input type='hidden' class='gform_hidden' name='gform_submit' value='12' \/>\n            \n            <input type='hidden' class='gform_hidden' name='gform_currency' data-currency='EUR' value='wG9\/l+LTlFpLxtk3VXSxUOuAHTvWIwTDGKsBi+\/Vj5vvpUPK3v8eTkw+dnBbR\/Goyjr0PxrxYe5QV4BpGJfYud59fp5IsRKKcWx3yFtFBPZGTmQ=' \/>\n            <input type='hidden' class='gform_hidden' name='gform_unique_id' value='' \/>\n            <input type='hidden' class='gform_hidden' name='state_12' value='WyJbXSIsIjNiOTE2ZmQwZDk2NDZiZWYxN2M5YjAyOWUzMzI4ZmI0Il0=' \/>\n            <input type='hidden' autocomplete='off' class='gform_hidden' name='gform_target_page_number_12' id='gform_target_page_number_12' value='0' \/>\n            <input type='hidden' autocomplete='off' class='gform_hidden' name='gform_source_page_number_12' id='gform_source_page_number_12' value='1' \/>\n            <input type='hidden' name='gform_field_values' value='' \/>\n            \n        <\/div>\n                        <\/form>\n                        <\/div>\n\t\t                <iframe style='display:none;width:0px;height:0px;' src='about:blank' name='gform_ajax_frame_12' id='gform_ajax_frame_12' title='Dieser iframe enth\u00e4lt die erforderliche Logik um Gravity Forms Formulare mit AJAX zu handhaben.'><\/iframe>\n\t\t                <script type=\"text\/javascript\">\n\/* <![CDATA[ *\/\n gform.initializeOnLoaded( function() {gformInitSpinner( 12, 'https:\/\/www.hairconsultancy.nl\/wp-content\/plugins\/gravityforms\/images\/spinner.svg', true );jQuery('#gform_ajax_frame_12').on('load',function(){var contents = jQuery(this).contents().find('*').html();var is_postback = contents.indexOf('GF_AJAX_POSTBACK') >= 0;if(!is_postback){return;}var form_content = jQuery(this).contents().find('#gform_wrapper_12');var is_confirmation = jQuery(this).contents().find('#gform_confirmation_wrapper_12').length > 0;var is_redirect = contents.indexOf('gformRedirect(){') >= 0;var is_form = form_content.length > 0 && ! is_redirect && ! is_confirmation;var mt = parseInt(jQuery('html').css('margin-top'), 10) + parseInt(jQuery('body').css('margin-top'), 10) + 100;if(is_form){jQuery('#gform_wrapper_12').html(form_content.html());if(form_content.hasClass('gform_validation_error')){jQuery('#gform_wrapper_12').addClass('gform_validation_error');} else {jQuery('#gform_wrapper_12').removeClass('gform_validation_error');}setTimeout( function() { \/* delay the scroll by 50 milliseconds to fix a bug in chrome *\/ jQuery(document).scrollTop(jQuery('#gform_wrapper_12').offset().top - mt); }, 50 );if(window['gformInitDatepicker']) {gformInitDatepicker();}if(window['gformInitPriceFields']) {gformInitPriceFields();}var current_page = jQuery('#gform_source_page_number_12').val();gformInitSpinner( 12, 'https:\/\/www.hairconsultancy.nl\/wp-content\/plugins\/gravityforms\/images\/spinner.svg', true );jQuery(document).trigger('gform_page_loaded', [12, current_page]);window['gf_submitting_12'] = false;}else if(!is_redirect){var confirmation_content = jQuery(this).contents().find('.GF_AJAX_POSTBACK').html();if(!confirmation_content){confirmation_content = contents;}jQuery('#gform_wrapper_12').replaceWith(confirmation_content);jQuery(document).scrollTop(jQuery('#gf_12').offset().top - mt);jQuery(document).trigger('gform_confirmation_loaded', [12]);window['gf_submitting_12'] = false;wp.a11y.speak(jQuery('#gform_confirmation_message_12').text());}else{jQuery('#gform_12').append(contents);if(window['gformRedirect']) {gformRedirect();}}jQuery(document).trigger(\"gform_pre_post_render\", [{ formId: \"12\", currentPage: \"current_page\", abort: function() { this.preventDefault(); } }]);        if (event && event.defaultPrevented) {                return;        }        const gformWrapperDiv = document.getElementById( \"gform_wrapper_12\" );        if ( gformWrapperDiv ) {            const visibilitySpan = document.createElement( \"span\" );            visibilitySpan.id = \"gform_visibility_test_12\";            gformWrapperDiv.insertAdjacentElement( \"afterend\", visibilitySpan );        }        const visibilityTestDiv = document.getElementById( \"gform_visibility_test_12\" );        let postRenderFired = false;        function triggerPostRender() {            if ( postRenderFired ) {                return;            }            postRenderFired = true;            gform.core.triggerPostRenderEvents( 12, current_page );            if ( visibilityTestDiv ) {                visibilityTestDiv.parentNode.removeChild( visibilityTestDiv );            }        }        function debounce( func, wait, immediate ) {            var timeout;            return function() {                var context = this, args = arguments;                var later = function() {                    timeout = null;                    if ( !immediate ) func.apply( context, args );                };                var callNow = immediate && !timeout;                clearTimeout( timeout );                timeout = setTimeout( later, wait );                if ( callNow ) func.apply( context, args );            };        }        const debouncedTriggerPostRender = debounce( function() {            triggerPostRender();        }, 200 );        if ( visibilityTestDiv && visibilityTestDiv.offsetParent === null ) {            const observer = new MutationObserver( ( mutations ) => {                mutations.forEach( ( mutation ) => {                    if ( mutation.type === 'attributes' && visibilityTestDiv.offsetParent !== null ) {                        debouncedTriggerPostRender();                        observer.disconnect();                    }                });            });            observer.observe( document.body, {                attributes: true,                childList: false,                subtree: true,                attributeFilter: [ 'style', 'class' ],            });        } else {            triggerPostRender();        }    } );} ); \n\/* ]]> *\/\n<\/script>\n\r\n\n<p id=\"block-3a20a863-37e7-4f42-87f7-422eaa6d46da\"><p>Ein Haarwerk n\u00e4her betrachten Anschlie\u00dfend zeigen wir Ihnen die Haarwerke zum Anfassen und werden mit dem Material und der Arbeitsweise vertraut. Wir zeigen Ihnen Vorher- und Nachher-Bilder von Klienten, die ihr Einverst\u00e4ndnis dazu gegeben haben, mit unterschiedlichen Haarproblemen, die sich f\u00fcr ein Haarwerk entschieden haben. &#13;\n<\/p><\/p>\n\n<p id=\"block-daa7246d-dfd5-425b-ade4-9bc05f620759\"><p><strong>Beratung f\u00fcr eine nat\u00fcrliche Frisur<br\/><\/strong>Wir beraten Sie ausf\u00fchrlich, wie Sie eine Naturfrisur am besten erstellen und befestigen k\u00f6nnen. Wir informieren Sie dann \u00fcber die Pflege und m\u00f6gliche Nachsorge, je nach Art der Befestigung. Sie erhalten von uns einen Kostenvoranschlag, die Zahlungsmodalit\u00e4ten und ggf. den Beitrag Ihrer Krankenkasse. Nehmen Sie Ihre Versicherungskarte mit. Nach diesem Gespr\u00e4ch wissen Sie alles, was Sie \u00fcber eine m\u00f6gliche Behandlung wissen m\u00fcssen.<\/p><\/p>\n","protected":false},"excerpt":{"rendered":"<p>Informationsgespr\u00e4ch&#13; Sie vereinbaren einen Termin f\u00fcr ein Informationsgespr\u00e4ch.&#13; Diese Konsultation dauert etwa 1 bis 1,5 Stunden, ist kostenlos und unverbindlich.&#13; In diesem Gespr\u00e4ch teilen Sie uns Ihren Wunsch, Ihr Bed\u00fcrfnis bzw. Ihre Notwendigkeit mit und wir schauen uns die bestehende Situation an und informieren Sie \u00fcber die Ursache Ihres Haarausfalls.&#13; Ein Haarwerk n\u00e4her betrachten Anschlie\u00dfend [&hellip;]<\/p>\n","protected":false},"author":3336,"featured_media":0,"parent":2290,"menu_order":0,"comment_status":"closed","ping_status":"closed","template":"","meta":{"_et_pb_use_builder":"off","_et_pb_old_content":"","_et_gb_content_width":"","footnotes":""},"class_list":["post-1966","page","type-page","status-publish","hentry"],"yoast_head":"<!-- This site is optimized with the Yoast SEO plugin v27.3 - https:\/\/yoast.com\/product\/yoast-seo-wordpress\/ -->\n<title>Informationsgespr\u00e4ch - Hair Consultancy Bussum<\/title>\n<meta name=\"description\" content=\"Diese Konsultation dauert etwa 1 bis 1,5 Stunden, ist kostenlos und unverbindlich.\" \/>\n<meta name=\"robots\" content=\"index, follow, max-snippet:-1, max-image-preview:large, max-video-preview:-1\" \/>\n<link rel=\"canonical\" href=\"https:\/\/www.hairconsultancy.nl\/de\/information\/beratungsgespr-ch\/\" \/>\n<meta property=\"og:locale\" content=\"de_DE\" \/>\n<meta property=\"og:type\" content=\"article\" \/>\n<meta property=\"og:title\" content=\"Informationsgespr\u00e4ch - Hair Consultancy Bussum\" \/>\n<meta property=\"og:description\" content=\"Diese Konsultation dauert etwa 1 bis 1,5 Stunden, ist kostenlos und unverbindlich.\" \/>\n<meta property=\"og:url\" content=\"https:\/\/www.hairconsultancy.nl\/de\/information\/beratungsgespr-ch\/\" \/>\n<meta property=\"og:site_name\" content=\"Hair Consultancy Bussum\" \/>\n<meta property=\"article:modified_time\" content=\"2021-01-06T17:30:31+00:00\" \/>\n<meta name=\"twitter:card\" content=\"summary_large_image\" \/>\n<meta name=\"twitter:label1\" content=\"Gesch\u00e4tzte Lesezeit\" \/>\n\t<meta name=\"twitter:data1\" content=\"1\u00a0Minute\" \/>\n<script type=\"application\/ld+json\" class=\"yoast-schema-graph\">{\"@context\":\"https:\\\/\\\/schema.org\",\"@graph\":[{\"@type\":\"WebPage\",\"@id\":\"https:\\\/\\\/www.hairconsultancy.nl\\\/de\\\/information\\\/beratungsgespr-ch\\\/\",\"url\":\"https:\\\/\\\/www.hairconsultancy.nl\\\/de\\\/information\\\/beratungsgespr-ch\\\/\",\"name\":\"Informationsgespr\u00e4ch - Hair Consultancy Bussum\",\"isPartOf\":{\"@id\":\"https:\\\/\\\/www.hairconsultancy.nl\\\/de\\\/#website\"},\"datePublished\":\"2020-11-30T14:38:24+00:00\",\"dateModified\":\"2021-01-06T17:30:31+00:00\",\"description\":\"Diese Konsultation dauert etwa 1 bis 1,5 Stunden, ist kostenlos und unverbindlich.\",\"breadcrumb\":{\"@id\":\"https:\\\/\\\/www.hairconsultancy.nl\\\/de\\\/information\\\/beratungsgespr-ch\\\/#breadcrumb\"},\"inLanguage\":\"de\",\"potentialAction\":[{\"@type\":\"ReadAction\",\"target\":[\"https:\\\/\\\/www.hairconsultancy.nl\\\/de\\\/information\\\/beratungsgespr-ch\\\/\"]}]},{\"@type\":\"BreadcrumbList\",\"@id\":\"https:\\\/\\\/www.hairconsultancy.nl\\\/de\\\/information\\\/beratungsgespr-ch\\\/#breadcrumb\",\"itemListElement\":[{\"@type\":\"ListItem\",\"position\":1,\"name\":\"Home\",\"item\":\"https:\\\/\\\/www.hairconsultancy.nl\\\/de\\\/\"},{\"@type\":\"ListItem\",\"position\":2,\"name\":\"Information\",\"item\":\"https:\\\/\\\/www.hairconsultancy.nl\\\/de\\\/information\\\/\"},{\"@type\":\"ListItem\",\"position\":3,\"name\":\"Informationsgespr\u00e4ch\"}]},{\"@type\":\"WebSite\",\"@id\":\"https:\\\/\\\/www.hairconsultancy.nl\\\/de\\\/#website\",\"url\":\"https:\\\/\\\/www.hairconsultancy.nl\\\/de\\\/\",\"name\":\"Hair Consultancy Bussum\",\"description\":\"Hair Consultancy Bussum\",\"potentialAction\":[{\"@type\":\"SearchAction\",\"target\":{\"@type\":\"EntryPoint\",\"urlTemplate\":\"https:\\\/\\\/www.hairconsultancy.nl\\\/de\\\/?s={search_term_string}\"},\"query-input\":{\"@type\":\"PropertyValueSpecification\",\"valueRequired\":true,\"valueName\":\"search_term_string\"}}],\"inLanguage\":\"de\"}]}<\/script>\n<!-- \/ Yoast SEO plugin. -->","yoast_head_json":{"title":"Informationsgespr\u00e4ch - Hair Consultancy Bussum","description":"Diese Konsultation dauert etwa 1 bis 1,5 Stunden, ist kostenlos und unverbindlich.","robots":{"index":"index","follow":"follow","max-snippet":"max-snippet:-1","max-image-preview":"max-image-preview:large","max-video-preview":"max-video-preview:-1"},"canonical":"https:\/\/www.hairconsultancy.nl\/de\/information\/beratungsgespr-ch\/","og_locale":"de_DE","og_type":"article","og_title":"Informationsgespr\u00e4ch - Hair Consultancy Bussum","og_description":"Diese Konsultation dauert etwa 1 bis 1,5 Stunden, ist kostenlos und unverbindlich.","og_url":"https:\/\/www.hairconsultancy.nl\/de\/information\/beratungsgespr-ch\/","og_site_name":"Hair Consultancy Bussum","article_modified_time":"2021-01-06T17:30:31+00:00","twitter_card":"summary_large_image","twitter_misc":{"Gesch\u00e4tzte Lesezeit":"1\u00a0Minute"},"schema":{"@context":"https:\/\/schema.org","@graph":[{"@type":"WebPage","@id":"https:\/\/www.hairconsultancy.nl\/de\/information\/beratungsgespr-ch\/","url":"https:\/\/www.hairconsultancy.nl\/de\/information\/beratungsgespr-ch\/","name":"Informationsgespr\u00e4ch - Hair Consultancy Bussum","isPartOf":{"@id":"https:\/\/www.hairconsultancy.nl\/de\/#website"},"datePublished":"2020-11-30T14:38:24+00:00","dateModified":"2021-01-06T17:30:31+00:00","description":"Diese Konsultation dauert etwa 1 bis 1,5 Stunden, ist kostenlos und unverbindlich.","breadcrumb":{"@id":"https:\/\/www.hairconsultancy.nl\/de\/information\/beratungsgespr-ch\/#breadcrumb"},"inLanguage":"de","potentialAction":[{"@type":"ReadAction","target":["https:\/\/www.hairconsultancy.nl\/de\/information\/beratungsgespr-ch\/"]}]},{"@type":"BreadcrumbList","@id":"https:\/\/www.hairconsultancy.nl\/de\/information\/beratungsgespr-ch\/#breadcrumb","itemListElement":[{"@type":"ListItem","position":1,"name":"Home","item":"https:\/\/www.hairconsultancy.nl\/de\/"},{"@type":"ListItem","position":2,"name":"Information","item":"https:\/\/www.hairconsultancy.nl\/de\/information\/"},{"@type":"ListItem","position":3,"name":"Informationsgespr\u00e4ch"}]},{"@type":"WebSite","@id":"https:\/\/www.hairconsultancy.nl\/de\/#website","url":"https:\/\/www.hairconsultancy.nl\/de\/","name":"Hair Consultancy Bussum","description":"Hair Consultancy Bussum","potentialAction":[{"@type":"SearchAction","target":{"@type":"EntryPoint","urlTemplate":"https:\/\/www.hairconsultancy.nl\/de\/?s={search_term_string}"},"query-input":{"@type":"PropertyValueSpecification","valueRequired":true,"valueName":"search_term_string"}}],"inLanguage":"de"}]}},"_links":{"self":[{"href":"https:\/\/www.hairconsultancy.nl\/de\/wp-json\/wp\/v2\/pages\/1966","targetHints":{"allow":["GET"]}}],"collection":[{"href":"https:\/\/www.hairconsultancy.nl\/de\/wp-json\/wp\/v2\/pages"}],"about":[{"href":"https:\/\/www.hairconsultancy.nl\/de\/wp-json\/wp\/v2\/types\/page"}],"author":[{"embeddable":true,"href":"https:\/\/www.hairconsultancy.nl\/de\/wp-json\/wp\/v2\/users\/3336"}],"replies":[{"embeddable":true,"href":"https:\/\/www.hairconsultancy.nl\/de\/wp-json\/wp\/v2\/comments?post=1966"}],"version-history":[{"count":3,"href":"https:\/\/www.hairconsultancy.nl\/de\/wp-json\/wp\/v2\/pages\/1966\/revisions"}],"predecessor-version":[{"id":3647,"href":"https:\/\/www.hairconsultancy.nl\/de\/wp-json\/wp\/v2\/pages\/1966\/revisions\/3647"}],"up":[{"embeddable":true,"href":"https:\/\/www.hairconsultancy.nl\/de\/wp-json\/wp\/v2\/pages\/2290"}],"wp:attachment":[{"href":"https:\/\/www.hairconsultancy.nl\/de\/wp-json\/wp\/v2\/media?parent=1966"}],"curies":[{"name":"wp","href":"https:\/\/api.w.org\/{rel}","templated":true}]}}