{"id":2083,"date":"2020-12-02T16:37:15","date_gmt":"2020-12-02T16:37:15","guid":{"rendered":"http:\/\/www.hairconsultancy.nl\/strahlentherapie-und-trichotillomanie\/"},"modified":"2020-12-02T16:37:17","modified_gmt":"2020-12-02T16:37:17","slug":"strahlentherapie-und-trichotillomanie","status":"publish","type":"page","link":"https:\/\/www.hairconsultancy.nl\/de\/medizinisch\/strahlentherapie-und-trichotillomanie\/","title":{"rendered":"Strahlentherapie &#038; Trichotillomanie"},"content":{"rendered":"\n<h3 class=\"wp-block-heading\">Strahlentherapie<\/h3>\n\n<p>Eine perfekte Passgenauigkeit. Sollte ein St\u00fcck der Sch\u00e4deldecke entfernt sein, bringen wir eine sanfte, federleichte Prothese in der Haararbeit an, mit der die Rundung des Kopfes wiederhergestellt wird. Die Befestigung ist von der jeweiligen Situation abh\u00e4ngig.<\/p>\n\n<p><h3>Trichotillomanie<\/h3>&#13;\n<p>Diese Form des Haarverlustes wird durch eine zwangsneurotische St\u00f6rung verursacht. Unsere Erfahrung mit Kunden, die diesen \u00fcberm\u00e4\u00dfigen Drang haben, sich die Haare auszurei\u00dfen, hat uns zu zwei L\u00f6sungen gef\u00fchrt.<\/p><\/p>\n\n<ol class=\"wp-block-list\"><li>Wir verwenden eine abnehmbare Befestigung: Dadurch wird nur der visuelle Effekt behandelt. F\u00fcr die Umgebung ist diese Ma\u00dfanfertigung unsichtbar.<\/li><li>Wir verwenden eine feste Befestigung: Neben dem visuellen Aspekt sorgen wir in diesem Fall daf\u00fcr, dass das Ausrei\u00dfen der eigenen Haare aufh\u00f6rt, denn bei einer festen Befestigung ist das nicht mehr m\u00f6glich. Das Tragen einer Haararbeit hat nicht selten zur Folge, dass die eigenen Haare wieder nachwachsen, wenn der Zeitraum davor nicht zu lang war.<\/li><\/ol>\n\n<p>In einem Beratungsgespr\u00e4ch k\u00f6nnen wir n\u00e4her darauf eingehen.<\/p>\n\n<p>Die Kosten werden bei medizinischer Notwendigkeit eventuell teilweise von der Krankenkasse \u00fcbernommen.<\/p>\n","protected":false},"excerpt":{"rendered":"<p>Bei Haarverlust nach einer Strahlentherapie fallen nur die Haare in den behandelten Bereichen aus. Diese k\u00f6nnen wir mit einem exakt nach Ma\u00df angefertigten Haarteil genauestens abdecken, ohne dass ein Unterschied mit Ihrem restlichen eigenen Haar zu entdecken ist. <\/p>\n","protected":false},"author":3336,"featured_media":4937,"parent":3683,"menu_order":0,"comment_status":"closed","ping_status":"closed","template":"","meta":{"_et_pb_use_builder":"on","_et_pb_old_content":"","_et_gb_content_width":"","footnotes":""},"class_list":["post-2083","page","type-page","status-publish","has-post-thumbnail","hentry"],"yoast_head":"<!-- This site is optimized with the Yoast SEO plugin v27.3 - https:\/\/yoast.com\/product\/yoast-seo-wordpress\/ -->\n<title>Strahlentherapie &amp; Trichotillomanie - Hair Consultancy Bussum<\/title>\n<meta name=\"description\" content=\"StrahlentherapieBei Haarverlust nach einer Strahlentherapie fallen nur die Haare in den behandelten Bereichen aus.\" \/>\n<meta name=\"robots\" content=\"index, follow, max-snippet:-1, max-image-preview:large, max-video-preview:-1\" \/>\n<link rel=\"canonical\" href=\"https:\/\/www.hairconsultancy.nl\/de\/medizinisch\/strahlentherapie-und-trichotillomanie\/\" \/>\n<meta property=\"og:locale\" content=\"de_DE\" \/>\n<meta property=\"og:type\" content=\"article\" \/>\n<meta property=\"og:title\" content=\"Strahlentherapie &amp; Trichotillomanie - Hair Consultancy Bussum\" \/>\n<meta property=\"og:description\" content=\"StrahlentherapieBei Haarverlust nach einer Strahlentherapie fallen nur die Haare in den behandelten Bereichen aus.\" \/>\n<meta property=\"og:url\" content=\"https:\/\/www.hairconsultancy.nl\/de\/medizinisch\/strahlentherapie-und-trichotillomanie\/\" \/>\n<meta property=\"og:site_name\" content=\"Hair Consultancy Bussum\" \/>\n<meta property=\"article:modified_time\" content=\"2020-12-02T16:37:17+00:00\" \/>\n<meta property=\"og:image\" content=\"https:\/\/www.hairconsultancy.nl\/wp-content\/uploads\/2020\/11\/uitgelichte-afb-1400px.jpg\" \/>\n\t<meta property=\"og:image:width\" content=\"1100\" \/>\n\t<meta property=\"og:image:height\" content=\"1031\" \/>\n\t<meta property=\"og:image:type\" content=\"image\/jpeg\" \/>\n<meta name=\"twitter:card\" content=\"summary_large_image\" \/>\n<meta name=\"twitter:label1\" content=\"Gesch\u00e4tzte Lesezeit\" \/>\n\t<meta name=\"twitter:data1\" content=\"1\u00a0Minute\" \/>\n<script type=\"application\/ld+json\" class=\"yoast-schema-graph\">{\"@context\":\"https:\\\/\\\/schema.org\",\"@graph\":[{\"@type\":\"WebPage\",\"@id\":\"https:\\\/\\\/www.hairconsultancy.nl\\\/de\\\/medizinisch\\\/strahlentherapie-und-trichotillomanie\\\/\",\"url\":\"https:\\\/\\\/www.hairconsultancy.nl\\\/de\\\/medizinisch\\\/strahlentherapie-und-trichotillomanie\\\/\",\"name\":\"Strahlentherapie & Trichotillomanie - Hair Consultancy Bussum\",\"isPartOf\":{\"@id\":\"https:\\\/\\\/www.hairconsultancy.nl\\\/de\\\/#website\"},\"primaryImageOfPage\":{\"@id\":\"https:\\\/\\\/www.hairconsultancy.nl\\\/de\\\/medizinisch\\\/strahlentherapie-und-trichotillomanie\\\/#primaryimage\"},\"image\":{\"@id\":\"https:\\\/\\\/www.hairconsultancy.nl\\\/de\\\/medizinisch\\\/strahlentherapie-und-trichotillomanie\\\/#primaryimage\"},\"thumbnailUrl\":\"https:\\\/\\\/www.hairconsultancy.nl\\\/wp-content\\\/uploads\\\/2022\\\/06\\\/willy-voor-na_uitgelichte-afbeelding.jpg\",\"datePublished\":\"2020-12-02T16:37:15+00:00\",\"dateModified\":\"2020-12-02T16:37:17+00:00\",\"description\":\"StrahlentherapieBei Haarverlust nach einer Strahlentherapie fallen nur die Haare in den behandelten Bereichen aus.\",\"breadcrumb\":{\"@id\":\"https:\\\/\\\/www.hairconsultancy.nl\\\/de\\\/medizinisch\\\/strahlentherapie-und-trichotillomanie\\\/#breadcrumb\"},\"inLanguage\":\"de\",\"potentialAction\":[{\"@type\":\"ReadAction\",\"target\":[\"https:\\\/\\\/www.hairconsultancy.nl\\\/de\\\/medizinisch\\\/strahlentherapie-und-trichotillomanie\\\/\"]}]},{\"@type\":\"ImageObject\",\"inLanguage\":\"de\",\"@id\":\"https:\\\/\\\/www.hairconsultancy.nl\\\/de\\\/medizinisch\\\/strahlentherapie-und-trichotillomanie\\\/#primaryimage\",\"url\":\"https:\\\/\\\/www.hairconsultancy.nl\\\/wp-content\\\/uploads\\\/2022\\\/06\\\/willy-voor-na_uitgelichte-afbeelding.jpg\",\"contentUrl\":\"https:\\\/\\\/www.hairconsultancy.nl\\\/wp-content\\\/uploads\\\/2022\\\/06\\\/willy-voor-na_uitgelichte-afbeelding.jpg\",\"width\":1100,\"height\":1130},{\"@type\":\"BreadcrumbList\",\"@id\":\"https:\\\/\\\/www.hairconsultancy.nl\\\/de\\\/medizinisch\\\/strahlentherapie-und-trichotillomanie\\\/#breadcrumb\",\"itemListElement\":[{\"@type\":\"ListItem\",\"position\":1,\"name\":\"Home\",\"item\":\"https:\\\/\\\/www.hairconsultancy.nl\\\/de\\\/\"},{\"@type\":\"ListItem\",\"position\":2,\"name\":\"Medizinisch\",\"item\":\"https:\\\/\\\/www.hairconsultancy.nl\\\/de\\\/medizinisch\\\/\"},{\"@type\":\"ListItem\",\"position\":3,\"name\":\"Strahlentherapie &#038; Trichotillomanie\"}]},{\"@type\":\"WebSite\",\"@id\":\"https:\\\/\\\/www.hairconsultancy.nl\\\/de\\\/#website\",\"url\":\"https:\\\/\\\/www.hairconsultancy.nl\\\/de\\\/\",\"name\":\"Hair Consultancy Bussum\",\"description\":\"Hair Consultancy Bussum\",\"potentialAction\":[{\"@type\":\"SearchAction\",\"target\":{\"@type\":\"EntryPoint\",\"urlTemplate\":\"https:\\\/\\\/www.hairconsultancy.nl\\\/de\\\/?s={search_term_string}\"},\"query-input\":{\"@type\":\"PropertyValueSpecification\",\"valueRequired\":true,\"valueName\":\"search_term_string\"}}],\"inLanguage\":\"de\"}]}<\/script>\n<!-- \/ Yoast SEO plugin. -->","yoast_head_json":{"title":"Strahlentherapie & Trichotillomanie - Hair Consultancy Bussum","description":"StrahlentherapieBei Haarverlust nach einer Strahlentherapie fallen nur die Haare in den behandelten Bereichen aus.","robots":{"index":"index","follow":"follow","max-snippet":"max-snippet:-1","max-image-preview":"max-image-preview:large","max-video-preview":"max-video-preview:-1"},"canonical":"https:\/\/www.hairconsultancy.nl\/de\/medizinisch\/strahlentherapie-und-trichotillomanie\/","og_locale":"de_DE","og_type":"article","og_title":"Strahlentherapie & Trichotillomanie - Hair Consultancy Bussum","og_description":"StrahlentherapieBei Haarverlust nach einer Strahlentherapie fallen nur die Haare in den behandelten Bereichen aus.","og_url":"https:\/\/www.hairconsultancy.nl\/de\/medizinisch\/strahlentherapie-und-trichotillomanie\/","og_site_name":"Hair Consultancy Bussum","article_modified_time":"2020-12-02T16:37:17+00:00","og_image":[{"width":1100,"height":1031,"url":"https:\/\/www.hairconsultancy.nl\/wp-content\/uploads\/2020\/11\/uitgelichte-afb-1400px.jpg","type":"image\/jpeg"}],"twitter_card":"summary_large_image","twitter_misc":{"Gesch\u00e4tzte Lesezeit":"1\u00a0Minute"},"schema":{"@context":"https:\/\/schema.org","@graph":[{"@type":"WebPage","@id":"https:\/\/www.hairconsultancy.nl\/de\/medizinisch\/strahlentherapie-und-trichotillomanie\/","url":"https:\/\/www.hairconsultancy.nl\/de\/medizinisch\/strahlentherapie-und-trichotillomanie\/","name":"Strahlentherapie & Trichotillomanie - Hair Consultancy Bussum","isPartOf":{"@id":"https:\/\/www.hairconsultancy.nl\/de\/#website"},"primaryImageOfPage":{"@id":"https:\/\/www.hairconsultancy.nl\/de\/medizinisch\/strahlentherapie-und-trichotillomanie\/#primaryimage"},"image":{"@id":"https:\/\/www.hairconsultancy.nl\/de\/medizinisch\/strahlentherapie-und-trichotillomanie\/#primaryimage"},"thumbnailUrl":"https:\/\/www.hairconsultancy.nl\/wp-content\/uploads\/2022\/06\/willy-voor-na_uitgelichte-afbeelding.jpg","datePublished":"2020-12-02T16:37:15+00:00","dateModified":"2020-12-02T16:37:17+00:00","description":"StrahlentherapieBei Haarverlust nach einer Strahlentherapie fallen nur die Haare in den behandelten Bereichen aus.","breadcrumb":{"@id":"https:\/\/www.hairconsultancy.nl\/de\/medizinisch\/strahlentherapie-und-trichotillomanie\/#breadcrumb"},"inLanguage":"de","potentialAction":[{"@type":"ReadAction","target":["https:\/\/www.hairconsultancy.nl\/de\/medizinisch\/strahlentherapie-und-trichotillomanie\/"]}]},{"@type":"ImageObject","inLanguage":"de","@id":"https:\/\/www.hairconsultancy.nl\/de\/medizinisch\/strahlentherapie-und-trichotillomanie\/#primaryimage","url":"https:\/\/www.hairconsultancy.nl\/wp-content\/uploads\/2022\/06\/willy-voor-na_uitgelichte-afbeelding.jpg","contentUrl":"https:\/\/www.hairconsultancy.nl\/wp-content\/uploads\/2022\/06\/willy-voor-na_uitgelichte-afbeelding.jpg","width":1100,"height":1130},{"@type":"BreadcrumbList","@id":"https:\/\/www.hairconsultancy.nl\/de\/medizinisch\/strahlentherapie-und-trichotillomanie\/#breadcrumb","itemListElement":[{"@type":"ListItem","position":1,"name":"Home","item":"https:\/\/www.hairconsultancy.nl\/de\/"},{"@type":"ListItem","position":2,"name":"Medizinisch","item":"https:\/\/www.hairconsultancy.nl\/de\/medizinisch\/"},{"@type":"ListItem","position":3,"name":"Strahlentherapie &#038; Trichotillomanie"}]},{"@type":"WebSite","@id":"https:\/\/www.hairconsultancy.nl\/de\/#website","url":"https:\/\/www.hairconsultancy.nl\/de\/","name":"Hair Consultancy Bussum","description":"Hair Consultancy Bussum","potentialAction":[{"@type":"SearchAction","target":{"@type":"EntryPoint","urlTemplate":"https:\/\/www.hairconsultancy.nl\/de\/?s={search_term_string}"},"query-input":{"@type":"PropertyValueSpecification","valueRequired":true,"valueName":"search_term_string"}}],"inLanguage":"de"}]}},"_links":{"self":[{"href":"https:\/\/www.hairconsultancy.nl\/de\/wp-json\/wp\/v2\/pages\/2083","targetHints":{"allow":["GET"]}}],"collection":[{"href":"https:\/\/www.hairconsultancy.nl\/de\/wp-json\/wp\/v2\/pages"}],"about":[{"href":"https:\/\/www.hairconsultancy.nl\/de\/wp-json\/wp\/v2\/types\/page"}],"author":[{"embeddable":true,"href":"https:\/\/www.hairconsultancy.nl\/de\/wp-json\/wp\/v2\/users\/3336"}],"replies":[{"embeddable":true,"href":"https:\/\/www.hairconsultancy.nl\/de\/wp-json\/wp\/v2\/comments?post=2083"}],"version-history":[{"count":1,"href":"https:\/\/www.hairconsultancy.nl\/de\/wp-json\/wp\/v2\/pages\/2083\/revisions"}],"predecessor-version":[{"id":2084,"href":"https:\/\/www.hairconsultancy.nl\/de\/wp-json\/wp\/v2\/pages\/2083\/revisions\/2084"}],"up":[{"embeddable":true,"href":"https:\/\/www.hairconsultancy.nl\/de\/wp-json\/wp\/v2\/pages\/3683"}],"wp:featuredmedia":[{"embeddable":true,"href":"https:\/\/www.hairconsultancy.nl\/de\/wp-json\/wp\/v2\/media\/4937"}],"wp:attachment":[{"href":"https:\/\/www.hairconsultancy.nl\/de\/wp-json\/wp\/v2\/media?parent=2083"}],"curies":[{"name":"wp","href":"https:\/\/api.w.org\/{rel}","templated":true}]}}