{"id":2088,"date":"2020-12-02T16:48:16","date_gmt":"2020-12-02T16:48:16","guid":{"rendered":"http:\/\/www.hairconsultancy.nl\/haarverlust\/"},"modified":"2020-12-02T16:51:00","modified_gmt":"2020-12-02T16:51:00","slug":"haarverlust","status":"publish","type":"page","link":"https:\/\/www.hairconsultancy.nl\/de\/medizinisch\/haarverlust\/","title":{"rendered":"Haarverlust"},"content":{"rendered":"\n<h3 class=\"wp-block-heading\">Haarausfall kennt verschiedene Ursachen<\/h3>\n\n<p>Zum Beispiel Krankheit, Medikamentgebrauch oder erbliche Faktoren. Die h\u00e4ufigsten Formen von Haarverlust sind Alopecia Areata und Alopecia Androgenetica. Es gibt aber zu viele Arten von Haarausfall, um an dieser Stelle alle zu nennen. Wichtig ist in diesem Zusammenhang aber, dass wir bis heute ungeachtet der Ursache f\u00fcr jede Form von (teilweisem) Haarverlust eine L\u00f6sung gefunden haben. Ohne eine einzige Ausnahme.<\/p>\n\n<p><h3>Ursachen von Haarverlust<\/h3>&#13;\n<p>Haarausfall kann verschiedene Ursachen haben, zum Beispiel Krankheit, Medikamentgebrauch oder erbliche Faktoren. Die h\u00e4ufigsten Formen von Haarverlust sind Alopecia Areata, Alopecia Androgenetica und Chemotherapie. Dar\u00fcber hinaus gibt es Formen von Haarausfall, die eine eindeutige Ursache haben.<\/p><\/p>\n\n<p><p>Gl\u00fccklicherweise lassen sich diese Arten schnell behandeln oder genesen sie von selbst, zum Beispiel Haarausfall nach einer Schwangerschaft, einer Krankheit oder bei Mangel an bestimmten Mineralien oder Vitaminen.<\/p><\/p>\n\n<p><h3>L\u00f6sungen bei Haarverlust<\/h3>&#13;\n<p>Es gibt zu viele Arten von Haarausfall, um an dieser Stelle alle zu nennen. Wichtig ist in diesem Zusammenhang aber, dass wir bis heute ungeachtet der Ursache f\u00fcr jede Form von (teilweisem) Haarverlust eine L\u00f6sung gefunden haben. Ohne eine einzige Ausnahme! Hair Consultancy ist immer f\u00fcr Sie da, um gemeinsam mit Ihnen eine L\u00f6sung f\u00fcr Ihre Haarprobleme zu finden.<\/p><\/p>\n","protected":false},"excerpt":{"rendered":"<p>Haarausfall kennt verschiedene Ursachen, zum Beispiel Krankheit, Medikamentgebrauch oder erbliche Faktoren. Die h\u00e4ufigsten Formen von Haarverlust sind Alopecia Areata und Alopecia Androgenetica. Es gibt aber zu viele Arten von Haarausfall, um an dieser Stelle alle zu nennen. Wichtig ist in diesem Zusammenhang aber, dass wir bis heute ungeachtet der Ursache f\u00fcr jede Form von (teilweisem) Haarverlust eine L\u00f6sung gefunden haben. Ohne eine einzige Ausnahme.<\/p>\n","protected":false},"author":3336,"featured_media":4931,"parent":3683,"menu_order":0,"comment_status":"closed","ping_status":"closed","template":"","meta":{"_et_pb_use_builder":"on","_et_pb_old_content":"","_et_gb_content_width":"","footnotes":""},"class_list":["post-2088","page","type-page","status-publish","has-post-thumbnail","hentry"],"yoast_head":"<!-- This site is optimized with the Yoast SEO plugin v27.3 - https:\/\/yoast.com\/product\/yoast-seo-wordpress\/ -->\n<title>Haarverlust - Hair Consultancy Bussum<\/title>\n<meta name=\"description\" content=\"Haarverlust Haarausfall kennt verschiedene Ursachen zum Beispiel Krankheit Medikamentgebrauch oder erbliche Faktoren.\" \/>\n<meta name=\"robots\" content=\"index, follow, max-snippet:-1, max-image-preview:large, max-video-preview:-1\" \/>\n<link rel=\"canonical\" href=\"https:\/\/www.hairconsultancy.nl\/de\/medizinisch\/haarverlust\/\" \/>\n<meta property=\"og:locale\" content=\"de_DE\" \/>\n<meta property=\"og:type\" content=\"article\" \/>\n<meta property=\"og:title\" content=\"Haarverlust - Hair Consultancy Bussum\" \/>\n<meta property=\"og:description\" content=\"Haarverlust Haarausfall kennt verschiedene Ursachen zum Beispiel Krankheit Medikamentgebrauch oder erbliche Faktoren.\" \/>\n<meta property=\"og:url\" content=\"https:\/\/www.hairconsultancy.nl\/de\/medizinisch\/haarverlust\/\" \/>\n<meta property=\"og:site_name\" content=\"Hair Consultancy Bussum\" \/>\n<meta property=\"article:modified_time\" content=\"2020-12-02T16:51:00+00:00\" \/>\n<meta property=\"og:image\" content=\"https:\/\/www.hairconsultancy.nl\/wp-content\/uploads\/2020\/11\/uitgelichte-afb-1400px.jpg\" \/>\n\t<meta property=\"og:image:width\" content=\"1100\" \/>\n\t<meta property=\"og:image:height\" content=\"1031\" \/>\n\t<meta property=\"og:image:type\" content=\"image\/jpeg\" \/>\n<meta name=\"twitter:card\" content=\"summary_large_image\" \/>\n<meta name=\"twitter:label1\" content=\"Gesch\u00e4tzte Lesezeit\" \/>\n\t<meta name=\"twitter:data1\" content=\"1\u00a0Minute\" \/>\n<script type=\"application\/ld+json\" class=\"yoast-schema-graph\">{\"@context\":\"https:\\\/\\\/schema.org\",\"@graph\":[{\"@type\":\"WebPage\",\"@id\":\"https:\\\/\\\/www.hairconsultancy.nl\\\/de\\\/medizinisch\\\/haarverlust\\\/\",\"url\":\"https:\\\/\\\/www.hairconsultancy.nl\\\/de\\\/medizinisch\\\/haarverlust\\\/\",\"name\":\"Haarverlust - Hair Consultancy Bussum\",\"isPartOf\":{\"@id\":\"https:\\\/\\\/www.hairconsultancy.nl\\\/de\\\/#website\"},\"primaryImageOfPage\":{\"@id\":\"https:\\\/\\\/www.hairconsultancy.nl\\\/de\\\/medizinisch\\\/haarverlust\\\/#primaryimage\"},\"image\":{\"@id\":\"https:\\\/\\\/www.hairconsultancy.nl\\\/de\\\/medizinisch\\\/haarverlust\\\/#primaryimage\"},\"thumbnailUrl\":\"https:\\\/\\\/www.hairconsultancy.nl\\\/wp-content\\\/uploads\\\/2022\\\/06\\\/voor-na-foto-haarwerk-gabrielle_1100px.jpg\",\"datePublished\":\"2020-12-02T16:48:16+00:00\",\"dateModified\":\"2020-12-02T16:51:00+00:00\",\"description\":\"Haarverlust Haarausfall kennt verschiedene Ursachen zum Beispiel Krankheit Medikamentgebrauch oder erbliche Faktoren.\",\"breadcrumb\":{\"@id\":\"https:\\\/\\\/www.hairconsultancy.nl\\\/de\\\/medizinisch\\\/haarverlust\\\/#breadcrumb\"},\"inLanguage\":\"de\",\"potentialAction\":[{\"@type\":\"ReadAction\",\"target\":[\"https:\\\/\\\/www.hairconsultancy.nl\\\/de\\\/medizinisch\\\/haarverlust\\\/\"]}]},{\"@type\":\"ImageObject\",\"inLanguage\":\"de\",\"@id\":\"https:\\\/\\\/www.hairconsultancy.nl\\\/de\\\/medizinisch\\\/haarverlust\\\/#primaryimage\",\"url\":\"https:\\\/\\\/www.hairconsultancy.nl\\\/wp-content\\\/uploads\\\/2022\\\/06\\\/voor-na-foto-haarwerk-gabrielle_1100px.jpg\",\"contentUrl\":\"https:\\\/\\\/www.hairconsultancy.nl\\\/wp-content\\\/uploads\\\/2022\\\/06\\\/voor-na-foto-haarwerk-gabrielle_1100px.jpg\",\"width\":1100,\"height\":1030},{\"@type\":\"BreadcrumbList\",\"@id\":\"https:\\\/\\\/www.hairconsultancy.nl\\\/de\\\/medizinisch\\\/haarverlust\\\/#breadcrumb\",\"itemListElement\":[{\"@type\":\"ListItem\",\"position\":1,\"name\":\"Home\",\"item\":\"https:\\\/\\\/www.hairconsultancy.nl\\\/de\\\/\"},{\"@type\":\"ListItem\",\"position\":2,\"name\":\"Medizinisch\",\"item\":\"https:\\\/\\\/www.hairconsultancy.nl\\\/de\\\/medizinisch\\\/\"},{\"@type\":\"ListItem\",\"position\":3,\"name\":\"Haarverlust\"}]},{\"@type\":\"WebSite\",\"@id\":\"https:\\\/\\\/www.hairconsultancy.nl\\\/de\\\/#website\",\"url\":\"https:\\\/\\\/www.hairconsultancy.nl\\\/de\\\/\",\"name\":\"Hair Consultancy Bussum\",\"description\":\"Hair Consultancy Bussum\",\"potentialAction\":[{\"@type\":\"SearchAction\",\"target\":{\"@type\":\"EntryPoint\",\"urlTemplate\":\"https:\\\/\\\/www.hairconsultancy.nl\\\/de\\\/?s={search_term_string}\"},\"query-input\":{\"@type\":\"PropertyValueSpecification\",\"valueRequired\":true,\"valueName\":\"search_term_string\"}}],\"inLanguage\":\"de\"}]}<\/script>\n<!-- \/ Yoast SEO plugin. -->","yoast_head_json":{"title":"Haarverlust - Hair Consultancy Bussum","description":"Haarverlust Haarausfall kennt verschiedene Ursachen zum Beispiel Krankheit Medikamentgebrauch oder erbliche Faktoren.","robots":{"index":"index","follow":"follow","max-snippet":"max-snippet:-1","max-image-preview":"max-image-preview:large","max-video-preview":"max-video-preview:-1"},"canonical":"https:\/\/www.hairconsultancy.nl\/de\/medizinisch\/haarverlust\/","og_locale":"de_DE","og_type":"article","og_title":"Haarverlust - Hair Consultancy Bussum","og_description":"Haarverlust Haarausfall kennt verschiedene Ursachen zum Beispiel Krankheit Medikamentgebrauch oder erbliche Faktoren.","og_url":"https:\/\/www.hairconsultancy.nl\/de\/medizinisch\/haarverlust\/","og_site_name":"Hair Consultancy Bussum","article_modified_time":"2020-12-02T16:51:00+00:00","og_image":[{"width":1100,"height":1031,"url":"https:\/\/www.hairconsultancy.nl\/wp-content\/uploads\/2020\/11\/uitgelichte-afb-1400px.jpg","type":"image\/jpeg"}],"twitter_card":"summary_large_image","twitter_misc":{"Gesch\u00e4tzte Lesezeit":"1\u00a0Minute"},"schema":{"@context":"https:\/\/schema.org","@graph":[{"@type":"WebPage","@id":"https:\/\/www.hairconsultancy.nl\/de\/medizinisch\/haarverlust\/","url":"https:\/\/www.hairconsultancy.nl\/de\/medizinisch\/haarverlust\/","name":"Haarverlust - Hair Consultancy Bussum","isPartOf":{"@id":"https:\/\/www.hairconsultancy.nl\/de\/#website"},"primaryImageOfPage":{"@id":"https:\/\/www.hairconsultancy.nl\/de\/medizinisch\/haarverlust\/#primaryimage"},"image":{"@id":"https:\/\/www.hairconsultancy.nl\/de\/medizinisch\/haarverlust\/#primaryimage"},"thumbnailUrl":"https:\/\/www.hairconsultancy.nl\/wp-content\/uploads\/2022\/06\/voor-na-foto-haarwerk-gabrielle_1100px.jpg","datePublished":"2020-12-02T16:48:16+00:00","dateModified":"2020-12-02T16:51:00+00:00","description":"Haarverlust Haarausfall kennt verschiedene Ursachen zum Beispiel Krankheit Medikamentgebrauch oder erbliche Faktoren.","breadcrumb":{"@id":"https:\/\/www.hairconsultancy.nl\/de\/medizinisch\/haarverlust\/#breadcrumb"},"inLanguage":"de","potentialAction":[{"@type":"ReadAction","target":["https:\/\/www.hairconsultancy.nl\/de\/medizinisch\/haarverlust\/"]}]},{"@type":"ImageObject","inLanguage":"de","@id":"https:\/\/www.hairconsultancy.nl\/de\/medizinisch\/haarverlust\/#primaryimage","url":"https:\/\/www.hairconsultancy.nl\/wp-content\/uploads\/2022\/06\/voor-na-foto-haarwerk-gabrielle_1100px.jpg","contentUrl":"https:\/\/www.hairconsultancy.nl\/wp-content\/uploads\/2022\/06\/voor-na-foto-haarwerk-gabrielle_1100px.jpg","width":1100,"height":1030},{"@type":"BreadcrumbList","@id":"https:\/\/www.hairconsultancy.nl\/de\/medizinisch\/haarverlust\/#breadcrumb","itemListElement":[{"@type":"ListItem","position":1,"name":"Home","item":"https:\/\/www.hairconsultancy.nl\/de\/"},{"@type":"ListItem","position":2,"name":"Medizinisch","item":"https:\/\/www.hairconsultancy.nl\/de\/medizinisch\/"},{"@type":"ListItem","position":3,"name":"Haarverlust"}]},{"@type":"WebSite","@id":"https:\/\/www.hairconsultancy.nl\/de\/#website","url":"https:\/\/www.hairconsultancy.nl\/de\/","name":"Hair Consultancy Bussum","description":"Hair Consultancy Bussum","potentialAction":[{"@type":"SearchAction","target":{"@type":"EntryPoint","urlTemplate":"https:\/\/www.hairconsultancy.nl\/de\/?s={search_term_string}"},"query-input":{"@type":"PropertyValueSpecification","valueRequired":true,"valueName":"search_term_string"}}],"inLanguage":"de"}]}},"_links":{"self":[{"href":"https:\/\/www.hairconsultancy.nl\/de\/wp-json\/wp\/v2\/pages\/2088","targetHints":{"allow":["GET"]}}],"collection":[{"href":"https:\/\/www.hairconsultancy.nl\/de\/wp-json\/wp\/v2\/pages"}],"about":[{"href":"https:\/\/www.hairconsultancy.nl\/de\/wp-json\/wp\/v2\/types\/page"}],"author":[{"embeddable":true,"href":"https:\/\/www.hairconsultancy.nl\/de\/wp-json\/wp\/v2\/users\/3336"}],"replies":[{"embeddable":true,"href":"https:\/\/www.hairconsultancy.nl\/de\/wp-json\/wp\/v2\/comments?post=2088"}],"version-history":[{"count":3,"href":"https:\/\/www.hairconsultancy.nl\/de\/wp-json\/wp\/v2\/pages\/2088\/revisions"}],"predecessor-version":[{"id":2091,"href":"https:\/\/www.hairconsultancy.nl\/de\/wp-json\/wp\/v2\/pages\/2088\/revisions\/2091"}],"up":[{"embeddable":true,"href":"https:\/\/www.hairconsultancy.nl\/de\/wp-json\/wp\/v2\/pages\/3683"}],"wp:featuredmedia":[{"embeddable":true,"href":"https:\/\/www.hairconsultancy.nl\/de\/wp-json\/wp\/v2\/media\/4931"}],"wp:attachment":[{"href":"https:\/\/www.hairconsultancy.nl\/de\/wp-json\/wp\/v2\/media?parent=2088"}],"curies":[{"name":"wp","href":"https:\/\/api.w.org\/{rel}","templated":true}]}}