{"id":2097,"date":"2020-12-02T17:33:25","date_gmt":"2020-12-02T17:33:25","guid":{"rendered":"http:\/\/www.hairconsultancy.nl\/bart-brom\/"},"modified":"2020-12-02T17:33:27","modified_gmt":"2020-12-02T17:33:27","slug":"bart-brom","status":"publish","type":"page","link":"https:\/\/www.hairconsultancy.nl\/de\/medien\/bart-brom\/","title":{"rendered":"Bart Brom"},"content":{"rendered":"\n<h3 class=\"wp-block-heading\">Damit durchbricht sie ein Haartabu<\/h3>\n\n<p>Damit durchbricht sie ein Haartabu. Andere Promis behalten das lieber f\u00fcr sich. Sie zeigen erst ihren Freunden, wie fantastisch die Haararbeit von Hair Consultancy ist und dann tun sie vor der Au\u00dfenwelt immer so, als ob es ihr eigenes Haar w\u00e4re. Genauso machen sie es mit ihrem neuen Busen.&#13;\nStacey ist da ganz offen. Sie liebt moderne Frisuren, am liebsten jedes Mal eine andere, und Hair Consultancys Haare sind nun einmal das Beste, was man kaufen kann. Also, ich arbeite nur mit Hair Consultancy.&#8220;&#13;\n&#13;\n<\/p>\n","protected":false},"excerpt":{"rendered":"<p>&#8222;Ich glaube, Hair Consultancy h\u00e4tte das selbst nie gedacht, aber sie steht im Playboy. Jedenfalls ihre Haararbeiten. Ich betreue immer die Haare von Stacey Rookhuizen und sie ist verr\u00fcckt nach Hair Consultancys Haarteilen. Darum nehmen wir die auch f\u00fcr ihr Fotoshoot im Playboy. Das Sch\u00f6ne an Stacey ist, dass sie \u00fcberhaupt kein Problem daraus macht, ich meine aus dem Tragen von Haarteilen. <\/p>\n","protected":false},"author":3336,"featured_media":2098,"parent":2316,"menu_order":0,"comment_status":"closed","ping_status":"closed","template":"","meta":{"_et_pb_use_builder":"off","_et_pb_old_content":"","_et_gb_content_width":"","footnotes":""},"class_list":["post-2097","page","type-page","status-publish","has-post-thumbnail","hentry"],"yoast_head":"<!-- This site is optimized with the Yoast SEO plugin v27.3 - https:\/\/yoast.com\/product\/yoast-seo-wordpress\/ -->\n<title>Bart Brom - Hair Consultancy Bussum<\/title>\n<meta name=\"description\" content=\"Bart Brom Ich glaube Hair Consultancy h\u00e4tte das selbst nie gedacht aber sie steht im Playboy. Jedenfalls ihre Haararbeiten.\" \/>\n<meta name=\"robots\" content=\"index, follow, max-snippet:-1, max-image-preview:large, max-video-preview:-1\" \/>\n<link rel=\"canonical\" href=\"https:\/\/www.hairconsultancy.nl\/de\/medien\/bart-brom\/\" \/>\n<meta property=\"og:locale\" content=\"de_DE\" \/>\n<meta property=\"og:type\" content=\"article\" \/>\n<meta property=\"og:title\" content=\"Bart Brom - Hair Consultancy Bussum\" \/>\n<meta property=\"og:description\" content=\"Bart Brom Ich glaube Hair Consultancy h\u00e4tte das selbst nie gedacht aber sie steht im Playboy. Jedenfalls ihre Haararbeiten.\" \/>\n<meta property=\"og:url\" content=\"https:\/\/www.hairconsultancy.nl\/de\/medien\/bart-brom\/\" \/>\n<meta property=\"og:site_name\" content=\"Hair Consultancy Bussum\" \/>\n<meta property=\"article:modified_time\" content=\"2020-12-02T17:33:27+00:00\" \/>\n<meta property=\"og:image\" content=\"https:\/\/www.hairconsultancy.nl\/wp-content\/uploads\/2020\/11\/bart-brom.jpg\" \/>\n\t<meta property=\"og:image:width\" content=\"424\" \/>\n\t<meta property=\"og:image:height\" content=\"468\" \/>\n\t<meta property=\"og:image:type\" content=\"image\/jpeg\" \/>\n<meta name=\"twitter:card\" content=\"summary_large_image\" \/>\n<script type=\"application\/ld+json\" class=\"yoast-schema-graph\">{\"@context\":\"https:\\\/\\\/schema.org\",\"@graph\":[{\"@type\":\"WebPage\",\"@id\":\"https:\\\/\\\/www.hairconsultancy.nl\\\/de\\\/medien\\\/bart-brom\\\/\",\"url\":\"https:\\\/\\\/www.hairconsultancy.nl\\\/de\\\/medien\\\/bart-brom\\\/\",\"name\":\"Bart Brom - Hair Consultancy Bussum\",\"isPartOf\":{\"@id\":\"https:\\\/\\\/www.hairconsultancy.nl\\\/de\\\/#website\"},\"primaryImageOfPage\":{\"@id\":\"https:\\\/\\\/www.hairconsultancy.nl\\\/de\\\/medien\\\/bart-brom\\\/#primaryimage\"},\"image\":{\"@id\":\"https:\\\/\\\/www.hairconsultancy.nl\\\/de\\\/medien\\\/bart-brom\\\/#primaryimage\"},\"thumbnailUrl\":\"https:\\\/\\\/www.hairconsultancy.nl\\\/wp-content\\\/uploads\\\/2020\\\/11\\\/bart-brom.jpg\",\"datePublished\":\"2020-12-02T17:33:25+00:00\",\"dateModified\":\"2020-12-02T17:33:27+00:00\",\"description\":\"Bart Brom Ich glaube Hair Consultancy h\u00e4tte das selbst nie gedacht aber sie steht im Playboy. Jedenfalls ihre Haararbeiten.\",\"breadcrumb\":{\"@id\":\"https:\\\/\\\/www.hairconsultancy.nl\\\/de\\\/medien\\\/bart-brom\\\/#breadcrumb\"},\"inLanguage\":\"de\",\"potentialAction\":[{\"@type\":\"ReadAction\",\"target\":[\"https:\\\/\\\/www.hairconsultancy.nl\\\/de\\\/medien\\\/bart-brom\\\/\"]}]},{\"@type\":\"ImageObject\",\"inLanguage\":\"de\",\"@id\":\"https:\\\/\\\/www.hairconsultancy.nl\\\/de\\\/medien\\\/bart-brom\\\/#primaryimage\",\"url\":\"https:\\\/\\\/www.hairconsultancy.nl\\\/wp-content\\\/uploads\\\/2020\\\/11\\\/bart-brom.jpg\",\"contentUrl\":\"https:\\\/\\\/www.hairconsultancy.nl\\\/wp-content\\\/uploads\\\/2020\\\/11\\\/bart-brom.jpg\",\"width\":424,\"height\":468},{\"@type\":\"BreadcrumbList\",\"@id\":\"https:\\\/\\\/www.hairconsultancy.nl\\\/de\\\/medien\\\/bart-brom\\\/#breadcrumb\",\"itemListElement\":[{\"@type\":\"ListItem\",\"position\":1,\"name\":\"Home\",\"item\":\"https:\\\/\\\/www.hairconsultancy.nl\\\/de\\\/\"},{\"@type\":\"ListItem\",\"position\":2,\"name\":\"Medien\",\"item\":\"https:\\\/\\\/www.hairconsultancy.nl\\\/de\\\/medien\\\/\"},{\"@type\":\"ListItem\",\"position\":3,\"name\":\"Bart Brom\"}]},{\"@type\":\"WebSite\",\"@id\":\"https:\\\/\\\/www.hairconsultancy.nl\\\/de\\\/#website\",\"url\":\"https:\\\/\\\/www.hairconsultancy.nl\\\/de\\\/\",\"name\":\"Hair Consultancy Bussum\",\"description\":\"Hair Consultancy Bussum\",\"potentialAction\":[{\"@type\":\"SearchAction\",\"target\":{\"@type\":\"EntryPoint\",\"urlTemplate\":\"https:\\\/\\\/www.hairconsultancy.nl\\\/de\\\/?s={search_term_string}\"},\"query-input\":{\"@type\":\"PropertyValueSpecification\",\"valueRequired\":true,\"valueName\":\"search_term_string\"}}],\"inLanguage\":\"de\"}]}<\/script>\n<!-- \/ Yoast SEO plugin. -->","yoast_head_json":{"title":"Bart Brom - Hair Consultancy Bussum","description":"Bart Brom Ich glaube Hair Consultancy h\u00e4tte das selbst nie gedacht aber sie steht im Playboy. Jedenfalls ihre Haararbeiten.","robots":{"index":"index","follow":"follow","max-snippet":"max-snippet:-1","max-image-preview":"max-image-preview:large","max-video-preview":"max-video-preview:-1"},"canonical":"https:\/\/www.hairconsultancy.nl\/de\/medien\/bart-brom\/","og_locale":"de_DE","og_type":"article","og_title":"Bart Brom - Hair Consultancy Bussum","og_description":"Bart Brom Ich glaube Hair Consultancy h\u00e4tte das selbst nie gedacht aber sie steht im Playboy. Jedenfalls ihre Haararbeiten.","og_url":"https:\/\/www.hairconsultancy.nl\/de\/medien\/bart-brom\/","og_site_name":"Hair Consultancy Bussum","article_modified_time":"2020-12-02T17:33:27+00:00","og_image":[{"width":424,"height":468,"url":"https:\/\/www.hairconsultancy.nl\/wp-content\/uploads\/2020\/11\/bart-brom.jpg","type":"image\/jpeg"}],"twitter_card":"summary_large_image","schema":{"@context":"https:\/\/schema.org","@graph":[{"@type":"WebPage","@id":"https:\/\/www.hairconsultancy.nl\/de\/medien\/bart-brom\/","url":"https:\/\/www.hairconsultancy.nl\/de\/medien\/bart-brom\/","name":"Bart Brom - Hair Consultancy Bussum","isPartOf":{"@id":"https:\/\/www.hairconsultancy.nl\/de\/#website"},"primaryImageOfPage":{"@id":"https:\/\/www.hairconsultancy.nl\/de\/medien\/bart-brom\/#primaryimage"},"image":{"@id":"https:\/\/www.hairconsultancy.nl\/de\/medien\/bart-brom\/#primaryimage"},"thumbnailUrl":"https:\/\/www.hairconsultancy.nl\/wp-content\/uploads\/2020\/11\/bart-brom.jpg","datePublished":"2020-12-02T17:33:25+00:00","dateModified":"2020-12-02T17:33:27+00:00","description":"Bart Brom Ich glaube Hair Consultancy h\u00e4tte das selbst nie gedacht aber sie steht im Playboy. Jedenfalls ihre Haararbeiten.","breadcrumb":{"@id":"https:\/\/www.hairconsultancy.nl\/de\/medien\/bart-brom\/#breadcrumb"},"inLanguage":"de","potentialAction":[{"@type":"ReadAction","target":["https:\/\/www.hairconsultancy.nl\/de\/medien\/bart-brom\/"]}]},{"@type":"ImageObject","inLanguage":"de","@id":"https:\/\/www.hairconsultancy.nl\/de\/medien\/bart-brom\/#primaryimage","url":"https:\/\/www.hairconsultancy.nl\/wp-content\/uploads\/2020\/11\/bart-brom.jpg","contentUrl":"https:\/\/www.hairconsultancy.nl\/wp-content\/uploads\/2020\/11\/bart-brom.jpg","width":424,"height":468},{"@type":"BreadcrumbList","@id":"https:\/\/www.hairconsultancy.nl\/de\/medien\/bart-brom\/#breadcrumb","itemListElement":[{"@type":"ListItem","position":1,"name":"Home","item":"https:\/\/www.hairconsultancy.nl\/de\/"},{"@type":"ListItem","position":2,"name":"Medien","item":"https:\/\/www.hairconsultancy.nl\/de\/medien\/"},{"@type":"ListItem","position":3,"name":"Bart Brom"}]},{"@type":"WebSite","@id":"https:\/\/www.hairconsultancy.nl\/de\/#website","url":"https:\/\/www.hairconsultancy.nl\/de\/","name":"Hair Consultancy Bussum","description":"Hair Consultancy Bussum","potentialAction":[{"@type":"SearchAction","target":{"@type":"EntryPoint","urlTemplate":"https:\/\/www.hairconsultancy.nl\/de\/?s={search_term_string}"},"query-input":{"@type":"PropertyValueSpecification","valueRequired":true,"valueName":"search_term_string"}}],"inLanguage":"de"}]}},"_links":{"self":[{"href":"https:\/\/www.hairconsultancy.nl\/de\/wp-json\/wp\/v2\/pages\/2097","targetHints":{"allow":["GET"]}}],"collection":[{"href":"https:\/\/www.hairconsultancy.nl\/de\/wp-json\/wp\/v2\/pages"}],"about":[{"href":"https:\/\/www.hairconsultancy.nl\/de\/wp-json\/wp\/v2\/types\/page"}],"author":[{"embeddable":true,"href":"https:\/\/www.hairconsultancy.nl\/de\/wp-json\/wp\/v2\/users\/3336"}],"replies":[{"embeddable":true,"href":"https:\/\/www.hairconsultancy.nl\/de\/wp-json\/wp\/v2\/comments?post=2097"}],"version-history":[{"count":1,"href":"https:\/\/www.hairconsultancy.nl\/de\/wp-json\/wp\/v2\/pages\/2097\/revisions"}],"predecessor-version":[{"id":2099,"href":"https:\/\/www.hairconsultancy.nl\/de\/wp-json\/wp\/v2\/pages\/2097\/revisions\/2099"}],"up":[{"embeddable":true,"href":"https:\/\/www.hairconsultancy.nl\/de\/wp-json\/wp\/v2\/pages\/2316"}],"wp:featuredmedia":[{"embeddable":true,"href":"https:\/\/www.hairconsultancy.nl\/de\/wp-json\/wp\/v2\/media\/2098"}],"wp:attachment":[{"href":"https:\/\/www.hairconsultancy.nl\/de\/wp-json\/wp\/v2\/media?parent=2097"}],"curies":[{"name":"wp","href":"https:\/\/api.w.org\/{rel}","templated":true}]}}