{"id":2131,"date":"2020-12-03T12:21:59","date_gmt":"2020-12-03T12:21:59","guid":{"rendered":"http:\/\/www.hairconsultancy.nl\/vielgestellte-fragen\/"},"modified":"2020-12-03T12:22:01","modified_gmt":"2020-12-03T12:22:01","slug":"vielgestellte-fragen","status":"publish","type":"page","link":"https:\/\/www.hairconsultancy.nl\/de\/information\/vielgestellte-fragen\/","title":{"rendered":"Vielgestellte Fragen"},"content":{"rendered":"\n<h2 class=\"wp-block-heading\">Alle Fragen<\/h2>\n\n<p><h3>Andere Fragen?<\/h3>&#13;\n<p>Sie k\u00f6nnen uns telefonisch unter +31 35 693 0442 erreichen.<\/p><\/p>\n\n<p><\/p>\n\n<p><p><strong>Ist mein Zweithaar oder meine Haarerg\u00e4nzung sichtbar?<\/strong><br\/>Zweithaar oder Haarerg\u00e4nzung ist nicht sichtbar: Niemand kann es sehen oder f\u00fchlen.<\/p><\/p>\n\n<p><p><strong>Kann ich alles damit machen, zB schwimmen, Sport treiben, tanzen?<br\/><\/strong>Sie k\u00f6nnen ganz normal damit leben und alles unternehmen was sie m\u00f6chten.<\/p><\/p>\n\n<p><p><strong>Wie lange h\u00e4lt eine Haararbeit?<br\/><\/strong>Das h\u00e4ngt davon ab wie Sie sie tragen. Nehmen Sie unsere Pflegeempfehlungen in Acht? Dann k\u00f6nnen Sie jahrelang Freude an Ihrem Haarwerk haben.<\/p><\/p>\n\n<p><p><strong>Gibt es keine Tabletten oder Haarwuchsmittel?<br\/><\/strong>Bislang gibt es keine Haarwuchsmittel in Form von Tabletten, Cr\u00e8mes, usw.<\/p><\/p>\n\n<p><p><strong>Ich m\u00f6chte meine Haare wieder so wie sie fr\u00fcher waren, geht das?<br\/><\/strong>Es ist m\u00f6glich, Ihre eigene Frisur genau nachzuarbeiten. Sie k\u00f6nnen Ihre Haare dann auch genau wie gewohnt behandeln und pflegen.<\/p><\/p>\n\n<p><p><strong>Werden meine Haare f\u00fcr eine Haarerg\u00e4nzung oder eine Haararbeit abrasiert?<br\/><\/strong>Bei uns werden keine Haare abrasiert. Jedes Haar, das Sie noch haben, z\u00e4hlt mit.<\/p><\/p>\n\n<p><p><strong>Wie wird meine Haararbeit befestigt?<br\/><\/strong>Wir passen die Haararbeiten und Befestigungen Ihrer pers\u00f6nlichen Situation an. Nichts ist allgemein g\u00fcltig.<\/p><\/p>\n\n<p><p><strong>Noch eine moderne Frisur tragen oder modische Farb\u00e4nderung anbringen?<br\/><\/strong>Gerade mit einer Haarerg\u00e4nzung ist alles m\u00f6glich! Aktuell, klassisch, Farb\u00e4nderung, was immer Sie sich w\u00fcnschen.<\/p><\/p>\n\n<p><p><strong>Ist HCB nur f\u00fcr Haarprobleme mit medizinischen Ursachen zust\u00e4ndig?<br\/><\/strong>Nein, auch mit Ihrem kosmetischen Haarwunsch sind Sie bei uns in guten H\u00e4nden.<\/p><\/p>\n\n<p><div class=\"column col-md-7\">&#13;\n<p><strong>Kann mein Haarverlust nicht medizinisch behandelt werden?<br\/><\/strong>Wir \u00fcbernehmen nicht die Kompetenz eines Dermatologen oder eines Arztes, aber wir k\u00f6nnen Sie gern auf einen Spezialisten f\u00fcr dieses Fachgebiet verweisen.<\/p>&#13;\n<\/div>&#13;\n<div class=\"column col-md-5\">\u00a0<\/div><\/p>\n","protected":false},"excerpt":{"rendered":"<p>Ist mein Zweithaar oder meine Haarerg\u00e4nzung sichtbar?<br \/>\nZweithaar oder Haarerg\u00e4nzung ist nicht sichtbar: Niemand kann es sehen oder f\u00fchlen.<br \/>\nAndere Fragen<\/p>\n","protected":false},"author":3336,"featured_media":1957,"parent":2290,"menu_order":0,"comment_status":"closed","ping_status":"closed","template":"","meta":{"_et_pb_use_builder":"off","_et_pb_old_content":"","_et_gb_content_width":"","footnotes":""},"class_list":["post-2131","page","type-page","status-publish","has-post-thumbnail","hentry"],"yoast_head":"<!-- This site is optimized with the Yoast SEO plugin v27.3 - https:\/\/yoast.com\/product\/yoast-seo-wordpress\/ -->\n<title>Vielgestellte Fragen - Hair Consultancy Bussum<\/title>\n<meta name=\"description\" content=\"Vielgestellte Fragen Ist mein Zweithaar oder meine Haarerg nzung sichtbar Zweithaar oder Haarerg nzung ist nicht sichtbar Niemand kann es sehen.\" \/>\n<meta name=\"robots\" content=\"index, follow, max-snippet:-1, max-image-preview:large, max-video-preview:-1\" \/>\n<link rel=\"canonical\" href=\"https:\/\/www.hairconsultancy.nl\/de\/information\/vielgestellte-fragen\/\" \/>\n<meta property=\"og:locale\" content=\"de_DE\" \/>\n<meta property=\"og:type\" content=\"article\" \/>\n<meta property=\"og:title\" content=\"Vielgestellte Fragen - Hair Consultancy Bussum\" \/>\n<meta property=\"og:description\" content=\"Vielgestellte Fragen Ist mein Zweithaar oder meine Haarerg nzung sichtbar Zweithaar oder Haarerg nzung ist nicht sichtbar Niemand kann es sehen.\" \/>\n<meta property=\"og:url\" content=\"https:\/\/www.hairconsultancy.nl\/de\/information\/vielgestellte-fragen\/\" \/>\n<meta property=\"og:site_name\" content=\"Hair Consultancy Bussum\" \/>\n<meta property=\"article:modified_time\" content=\"2020-12-03T12:22:01+00:00\" \/>\n<meta property=\"og:image\" content=\"https:\/\/www.hairconsultancy.nl\/wp-content\/uploads\/2020\/11\/uitgelichte-afb-1400px.jpg\" \/>\n\t<meta property=\"og:image:width\" content=\"1100\" \/>\n\t<meta property=\"og:image:height\" content=\"1031\" \/>\n\t<meta property=\"og:image:type\" content=\"image\/jpeg\" \/>\n<meta name=\"twitter:card\" content=\"summary_large_image\" \/>\n<meta name=\"twitter:label1\" content=\"Gesch\u00e4tzte Lesezeit\" \/>\n\t<meta name=\"twitter:data1\" content=\"1\u00a0Minute\" \/>\n<script type=\"application\/ld+json\" class=\"yoast-schema-graph\">{\"@context\":\"https:\\\/\\\/schema.org\",\"@graph\":[{\"@type\":\"WebPage\",\"@id\":\"https:\\\/\\\/www.hairconsultancy.nl\\\/de\\\/information\\\/vielgestellte-fragen\\\/\",\"url\":\"https:\\\/\\\/www.hairconsultancy.nl\\\/de\\\/information\\\/vielgestellte-fragen\\\/\",\"name\":\"Vielgestellte Fragen - Hair Consultancy Bussum\",\"isPartOf\":{\"@id\":\"https:\\\/\\\/www.hairconsultancy.nl\\\/de\\\/#website\"},\"primaryImageOfPage\":{\"@id\":\"https:\\\/\\\/www.hairconsultancy.nl\\\/de\\\/information\\\/vielgestellte-fragen\\\/#primaryimage\"},\"image\":{\"@id\":\"https:\\\/\\\/www.hairconsultancy.nl\\\/de\\\/information\\\/vielgestellte-fragen\\\/#primaryimage\"},\"thumbnailUrl\":\"https:\\\/\\\/www.hairconsultancy.nl\\\/wp-content\\\/uploads\\\/2020\\\/11\\\/uitgelichte-afb-1400px.jpg\",\"datePublished\":\"2020-12-03T12:21:59+00:00\",\"dateModified\":\"2020-12-03T12:22:01+00:00\",\"description\":\"Vielgestellte Fragen Ist mein Zweithaar oder meine Haarerg nzung sichtbar Zweithaar oder Haarerg nzung ist nicht sichtbar Niemand kann es sehen.\",\"breadcrumb\":{\"@id\":\"https:\\\/\\\/www.hairconsultancy.nl\\\/de\\\/information\\\/vielgestellte-fragen\\\/#breadcrumb\"},\"inLanguage\":\"de\",\"potentialAction\":[{\"@type\":\"ReadAction\",\"target\":[\"https:\\\/\\\/www.hairconsultancy.nl\\\/de\\\/information\\\/vielgestellte-fragen\\\/\"]}]},{\"@type\":\"ImageObject\",\"inLanguage\":\"de\",\"@id\":\"https:\\\/\\\/www.hairconsultancy.nl\\\/de\\\/information\\\/vielgestellte-fragen\\\/#primaryimage\",\"url\":\"https:\\\/\\\/www.hairconsultancy.nl\\\/wp-content\\\/uploads\\\/2020\\\/11\\\/uitgelichte-afb-1400px.jpg\",\"contentUrl\":\"https:\\\/\\\/www.hairconsultancy.nl\\\/wp-content\\\/uploads\\\/2020\\\/11\\\/uitgelichte-afb-1400px.jpg\",\"width\":1100,\"height\":1031,\"caption\":\"Foto van de salon waar alopecia androgenetica word behandeld\"},{\"@type\":\"BreadcrumbList\",\"@id\":\"https:\\\/\\\/www.hairconsultancy.nl\\\/de\\\/information\\\/vielgestellte-fragen\\\/#breadcrumb\",\"itemListElement\":[{\"@type\":\"ListItem\",\"position\":1,\"name\":\"Home\",\"item\":\"https:\\\/\\\/www.hairconsultancy.nl\\\/de\\\/\"},{\"@type\":\"ListItem\",\"position\":2,\"name\":\"Information\",\"item\":\"https:\\\/\\\/www.hairconsultancy.nl\\\/de\\\/information\\\/\"},{\"@type\":\"ListItem\",\"position\":3,\"name\":\"Vielgestellte Fragen\"}]},{\"@type\":\"WebSite\",\"@id\":\"https:\\\/\\\/www.hairconsultancy.nl\\\/de\\\/#website\",\"url\":\"https:\\\/\\\/www.hairconsultancy.nl\\\/de\\\/\",\"name\":\"Hair Consultancy Bussum\",\"description\":\"Hair Consultancy Bussum\",\"potentialAction\":[{\"@type\":\"SearchAction\",\"target\":{\"@type\":\"EntryPoint\",\"urlTemplate\":\"https:\\\/\\\/www.hairconsultancy.nl\\\/de\\\/?s={search_term_string}\"},\"query-input\":{\"@type\":\"PropertyValueSpecification\",\"valueRequired\":true,\"valueName\":\"search_term_string\"}}],\"inLanguage\":\"de\"}]}<\/script>\n<!-- \/ Yoast SEO plugin. -->","yoast_head_json":{"title":"Vielgestellte Fragen - Hair Consultancy Bussum","description":"Vielgestellte Fragen Ist mein Zweithaar oder meine Haarerg nzung sichtbar Zweithaar oder Haarerg nzung ist nicht sichtbar Niemand kann es sehen.","robots":{"index":"index","follow":"follow","max-snippet":"max-snippet:-1","max-image-preview":"max-image-preview:large","max-video-preview":"max-video-preview:-1"},"canonical":"https:\/\/www.hairconsultancy.nl\/de\/information\/vielgestellte-fragen\/","og_locale":"de_DE","og_type":"article","og_title":"Vielgestellte Fragen - Hair Consultancy Bussum","og_description":"Vielgestellte Fragen Ist mein Zweithaar oder meine Haarerg nzung sichtbar Zweithaar oder Haarerg nzung ist nicht sichtbar Niemand kann es sehen.","og_url":"https:\/\/www.hairconsultancy.nl\/de\/information\/vielgestellte-fragen\/","og_site_name":"Hair Consultancy Bussum","article_modified_time":"2020-12-03T12:22:01+00:00","og_image":[{"width":1100,"height":1031,"url":"https:\/\/www.hairconsultancy.nl\/wp-content\/uploads\/2020\/11\/uitgelichte-afb-1400px.jpg","type":"image\/jpeg"}],"twitter_card":"summary_large_image","twitter_misc":{"Gesch\u00e4tzte Lesezeit":"1\u00a0Minute"},"schema":{"@context":"https:\/\/schema.org","@graph":[{"@type":"WebPage","@id":"https:\/\/www.hairconsultancy.nl\/de\/information\/vielgestellte-fragen\/","url":"https:\/\/www.hairconsultancy.nl\/de\/information\/vielgestellte-fragen\/","name":"Vielgestellte Fragen - Hair Consultancy Bussum","isPartOf":{"@id":"https:\/\/www.hairconsultancy.nl\/de\/#website"},"primaryImageOfPage":{"@id":"https:\/\/www.hairconsultancy.nl\/de\/information\/vielgestellte-fragen\/#primaryimage"},"image":{"@id":"https:\/\/www.hairconsultancy.nl\/de\/information\/vielgestellte-fragen\/#primaryimage"},"thumbnailUrl":"https:\/\/www.hairconsultancy.nl\/wp-content\/uploads\/2020\/11\/uitgelichte-afb-1400px.jpg","datePublished":"2020-12-03T12:21:59+00:00","dateModified":"2020-12-03T12:22:01+00:00","description":"Vielgestellte Fragen Ist mein Zweithaar oder meine Haarerg nzung sichtbar Zweithaar oder Haarerg nzung ist nicht sichtbar Niemand kann es sehen.","breadcrumb":{"@id":"https:\/\/www.hairconsultancy.nl\/de\/information\/vielgestellte-fragen\/#breadcrumb"},"inLanguage":"de","potentialAction":[{"@type":"ReadAction","target":["https:\/\/www.hairconsultancy.nl\/de\/information\/vielgestellte-fragen\/"]}]},{"@type":"ImageObject","inLanguage":"de","@id":"https:\/\/www.hairconsultancy.nl\/de\/information\/vielgestellte-fragen\/#primaryimage","url":"https:\/\/www.hairconsultancy.nl\/wp-content\/uploads\/2020\/11\/uitgelichte-afb-1400px.jpg","contentUrl":"https:\/\/www.hairconsultancy.nl\/wp-content\/uploads\/2020\/11\/uitgelichte-afb-1400px.jpg","width":1100,"height":1031,"caption":"Foto van de salon waar alopecia androgenetica word behandeld"},{"@type":"BreadcrumbList","@id":"https:\/\/www.hairconsultancy.nl\/de\/information\/vielgestellte-fragen\/#breadcrumb","itemListElement":[{"@type":"ListItem","position":1,"name":"Home","item":"https:\/\/www.hairconsultancy.nl\/de\/"},{"@type":"ListItem","position":2,"name":"Information","item":"https:\/\/www.hairconsultancy.nl\/de\/information\/"},{"@type":"ListItem","position":3,"name":"Vielgestellte Fragen"}]},{"@type":"WebSite","@id":"https:\/\/www.hairconsultancy.nl\/de\/#website","url":"https:\/\/www.hairconsultancy.nl\/de\/","name":"Hair Consultancy Bussum","description":"Hair Consultancy Bussum","potentialAction":[{"@type":"SearchAction","target":{"@type":"EntryPoint","urlTemplate":"https:\/\/www.hairconsultancy.nl\/de\/?s={search_term_string}"},"query-input":{"@type":"PropertyValueSpecification","valueRequired":true,"valueName":"search_term_string"}}],"inLanguage":"de"}]}},"_links":{"self":[{"href":"https:\/\/www.hairconsultancy.nl\/de\/wp-json\/wp\/v2\/pages\/2131","targetHints":{"allow":["GET"]}}],"collection":[{"href":"https:\/\/www.hairconsultancy.nl\/de\/wp-json\/wp\/v2\/pages"}],"about":[{"href":"https:\/\/www.hairconsultancy.nl\/de\/wp-json\/wp\/v2\/types\/page"}],"author":[{"embeddable":true,"href":"https:\/\/www.hairconsultancy.nl\/de\/wp-json\/wp\/v2\/users\/3336"}],"replies":[{"embeddable":true,"href":"https:\/\/www.hairconsultancy.nl\/de\/wp-json\/wp\/v2\/comments?post=2131"}],"version-history":[{"count":1,"href":"https:\/\/www.hairconsultancy.nl\/de\/wp-json\/wp\/v2\/pages\/2131\/revisions"}],"predecessor-version":[{"id":2132,"href":"https:\/\/www.hairconsultancy.nl\/de\/wp-json\/wp\/v2\/pages\/2131\/revisions\/2132"}],"up":[{"embeddable":true,"href":"https:\/\/www.hairconsultancy.nl\/de\/wp-json\/wp\/v2\/pages\/2290"}],"wp:featuredmedia":[{"embeddable":true,"href":"https:\/\/www.hairconsultancy.nl\/de\/wp-json\/wp\/v2\/media\/1957"}],"wp:attachment":[{"href":"https:\/\/www.hairconsultancy.nl\/de\/wp-json\/wp\/v2\/media?parent=2131"}],"curies":[{"name":"wp","href":"https:\/\/api.w.org\/{rel}","templated":true}]}}