{"id":2144,"date":"2020-12-03T15:04:40","date_gmt":"2020-12-03T15:04:40","guid":{"rendered":"http:\/\/www.hairconsultancy.nl\/chemotherapie\/"},"modified":"2020-12-03T15:06:12","modified_gmt":"2020-12-03T15:06:12","slug":"chemotherapie","status":"publish","type":"page","link":"https:\/\/www.hairconsultancy.nl\/de\/medizinisch\/chemotherapie\/","title":{"rendered":"Chemotherapie"},"content":{"rendered":"\n<h2 class=\"wp-block-heading\">Gr\u00f6\u00dfte Priorit\u00e4t<\/h2>\n\n<p>Kunden mit Chemotherapie genie\u00dfen bei uns gr\u00f6\u00dfte Priorit\u00e4t. Wir stellen das Zweithaar dann auch w\u00e4hrend der Zeit her, in der der Haarverlust auftritt, notfalls innerhalb von 20 Tagen. In jedem Fall ist Dringlichkeit geboten, sowohl f\u00fcr den Moment der Anfrage als f\u00fcr den Zeitpunkt der Lieferung.<\/p>\n\n<h3 class=\"wp-block-heading\">Nach dem Beratungsgespr\u00e4ch<\/h3>\n\n<p>Nach dem Beratungsgespr\u00e4ch vereinbaren wir \u2013 wenn Sie sich f\u00fcr uns entschieden haben \u2013 sofort einen Folgetermin, um das Zweithaar \u00fcber Ihrem eigenen Haar zu schneiden und zu f\u00f6hnen. In dem Augenblick sind Ihre Haare noch nicht ausgefallen. Wenn der Haarverlust beginnt, bleibt dies unter dem neuen Haar verborgen.<\/p>\n\n<p>Bei einer guten Planung brauchen Sie keinen einzigen Augenblick visuell ohne Haare zu sein. Falls Sie m\u00f6chten, k\u00f6nnen wir Ihnen bei Beginn des Haarausfalls Ihr eigenes Haar abschneiden. Dazu bekommen Sie von uns eine intensive und entspannende Kopfmassage, denn in dieser Periode ist es besonders angenehm verw\u00f6hnt zu werden. Danach befestigen wir die Haararbeit mit einem speziell f\u00fcr die Kopfhaut angefertigten, Tape.<\/p>\n\n<p>Die Kosten werden bei medizinischer Notwendigkeit eventuell teilweise von der Krankenkasse \u00fcbernommen.<\/p>\n","protected":false},"excerpt":{"rendered":"<p>In der Regel f\u00fchrt eine Chemotherapie zum Verlust der Haare. Am besten vereinbaren Sie m\u00f6glichst fr\u00fch einen Termin f\u00fcr ein Beratungsgespr\u00e4ch, um zu erfahren, welche M\u00f6glichkeiten es f\u00fcr Sie gibt. Auch vor Beginn der Chemotherapie k\u00f6nnen wir bereits mit der Herstellung der Zweithaarfrisur anfangen. Je eher, desto besser. Die meisten Kunden w\u00fcnschen sich eine Haararbeit, die wie Ihre eigene Frisur aussieht. Das ist kein Problem. Je mehr Fotos und Beispiele Sie von ihrem nat\u00fcrlichen Aussehen mitnehmen, desto besser k\u00f6nnen wir dies nachempfinden. <\/p>\n","protected":false},"author":3336,"featured_media":2145,"parent":3683,"menu_order":0,"comment_status":"closed","ping_status":"closed","template":"","meta":{"_et_pb_use_builder":"on","_et_pb_old_content":"","_et_gb_content_width":"","footnotes":""},"class_list":["post-2144","page","type-page","status-publish","has-post-thumbnail","hentry"],"yoast_head":"<!-- This site is optimized with the Yoast SEO plugin v27.3 - https:\/\/yoast.com\/product\/yoast-seo-wordpress\/ -->\n<title>Chemotherapie - Hair Consultancy Bussum<\/title>\n<meta name=\"description\" content=\"ChemotherapieIn der Regel f\u00fchrt eine Chemotherapie zum Verlust der Haare.\" \/>\n<meta name=\"robots\" content=\"index, follow, max-snippet:-1, max-image-preview:large, max-video-preview:-1\" \/>\n<link rel=\"canonical\" href=\"https:\/\/www.hairconsultancy.nl\/de\/medizinisch\/chemotherapie\/\" \/>\n<meta property=\"og:locale\" content=\"de_DE\" \/>\n<meta property=\"og:type\" content=\"article\" \/>\n<meta property=\"og:title\" content=\"Chemotherapie - Hair Consultancy Bussum\" \/>\n<meta property=\"og:description\" content=\"ChemotherapieIn der Regel f\u00fchrt eine Chemotherapie zum Verlust der Haare.\" \/>\n<meta property=\"og:url\" content=\"https:\/\/www.hairconsultancy.nl\/de\/medizinisch\/chemotherapie\/\" \/>\n<meta property=\"og:site_name\" content=\"Hair Consultancy Bussum\" \/>\n<meta property=\"article:modified_time\" content=\"2020-12-03T15:06:12+00:00\" \/>\n<meta property=\"og:image\" content=\"https:\/\/www.hairconsultancy.nl\/wp-content\/uploads\/2020\/11\/Hair-Consultancy-1004-e1606223184337.jpg\" \/>\n\t<meta property=\"og:image:width\" content=\"1320\" \/>\n\t<meta property=\"og:image:height\" content=\"1467\" \/>\n\t<meta property=\"og:image:type\" content=\"image\/jpeg\" \/>\n<meta name=\"twitter:card\" content=\"summary_large_image\" \/>\n<meta name=\"twitter:label1\" content=\"Gesch\u00e4tzte Lesezeit\" \/>\n\t<meta name=\"twitter:data1\" content=\"1\u00a0Minute\" \/>\n<script type=\"application\/ld+json\" class=\"yoast-schema-graph\">{\"@context\":\"https:\\\/\\\/schema.org\",\"@graph\":[{\"@type\":\"WebPage\",\"@id\":\"https:\\\/\\\/www.hairconsultancy.nl\\\/de\\\/medizinisch\\\/chemotherapie\\\/\",\"url\":\"https:\\\/\\\/www.hairconsultancy.nl\\\/de\\\/medizinisch\\\/chemotherapie\\\/\",\"name\":\"Chemotherapie - Hair Consultancy Bussum\",\"isPartOf\":{\"@id\":\"https:\\\/\\\/www.hairconsultancy.nl\\\/de\\\/#website\"},\"primaryImageOfPage\":{\"@id\":\"https:\\\/\\\/www.hairconsultancy.nl\\\/de\\\/medizinisch\\\/chemotherapie\\\/#primaryimage\"},\"image\":{\"@id\":\"https:\\\/\\\/www.hairconsultancy.nl\\\/de\\\/medizinisch\\\/chemotherapie\\\/#primaryimage\"},\"thumbnailUrl\":\"https:\\\/\\\/www.hairconsultancy.nl\\\/wp-content\\\/uploads\\\/2020\\\/11\\\/Hair-Consultancy-1004-e1606223184337.jpg\",\"datePublished\":\"2020-12-03T15:04:40+00:00\",\"dateModified\":\"2020-12-03T15:06:12+00:00\",\"description\":\"ChemotherapieIn der Regel f\u00fchrt eine Chemotherapie zum Verlust der Haare.\",\"breadcrumb\":{\"@id\":\"https:\\\/\\\/www.hairconsultancy.nl\\\/de\\\/medizinisch\\\/chemotherapie\\\/#breadcrumb\"},\"inLanguage\":\"de\",\"potentialAction\":[{\"@type\":\"ReadAction\",\"target\":[\"https:\\\/\\\/www.hairconsultancy.nl\\\/de\\\/medizinisch\\\/chemotherapie\\\/\"]}]},{\"@type\":\"ImageObject\",\"inLanguage\":\"de\",\"@id\":\"https:\\\/\\\/www.hairconsultancy.nl\\\/de\\\/medizinisch\\\/chemotherapie\\\/#primaryimage\",\"url\":\"https:\\\/\\\/www.hairconsultancy.nl\\\/wp-content\\\/uploads\\\/2020\\\/11\\\/Hair-Consultancy-1004-e1606223184337.jpg\",\"contentUrl\":\"https:\\\/\\\/www.hairconsultancy.nl\\\/wp-content\\\/uploads\\\/2020\\\/11\\\/Hair-Consultancy-1004-e1606223184337.jpg\",\"width\":1320,\"height\":1467},{\"@type\":\"BreadcrumbList\",\"@id\":\"https:\\\/\\\/www.hairconsultancy.nl\\\/de\\\/medizinisch\\\/chemotherapie\\\/#breadcrumb\",\"itemListElement\":[{\"@type\":\"ListItem\",\"position\":1,\"name\":\"Home\",\"item\":\"https:\\\/\\\/www.hairconsultancy.nl\\\/de\\\/\"},{\"@type\":\"ListItem\",\"position\":2,\"name\":\"Medizinisch\",\"item\":\"https:\\\/\\\/www.hairconsultancy.nl\\\/de\\\/medizinisch\\\/\"},{\"@type\":\"ListItem\",\"position\":3,\"name\":\"Chemotherapie\"}]},{\"@type\":\"WebSite\",\"@id\":\"https:\\\/\\\/www.hairconsultancy.nl\\\/de\\\/#website\",\"url\":\"https:\\\/\\\/www.hairconsultancy.nl\\\/de\\\/\",\"name\":\"Hair Consultancy Bussum\",\"description\":\"Hair Consultancy Bussum\",\"potentialAction\":[{\"@type\":\"SearchAction\",\"target\":{\"@type\":\"EntryPoint\",\"urlTemplate\":\"https:\\\/\\\/www.hairconsultancy.nl\\\/de\\\/?s={search_term_string}\"},\"query-input\":{\"@type\":\"PropertyValueSpecification\",\"valueRequired\":true,\"valueName\":\"search_term_string\"}}],\"inLanguage\":\"de\"}]}<\/script>\n<!-- \/ Yoast SEO plugin. -->","yoast_head_json":{"title":"Chemotherapie - Hair Consultancy Bussum","description":"ChemotherapieIn der Regel f\u00fchrt eine Chemotherapie zum Verlust der Haare.","robots":{"index":"index","follow":"follow","max-snippet":"max-snippet:-1","max-image-preview":"max-image-preview:large","max-video-preview":"max-video-preview:-1"},"canonical":"https:\/\/www.hairconsultancy.nl\/de\/medizinisch\/chemotherapie\/","og_locale":"de_DE","og_type":"article","og_title":"Chemotherapie - Hair Consultancy Bussum","og_description":"ChemotherapieIn der Regel f\u00fchrt eine Chemotherapie zum Verlust der Haare.","og_url":"https:\/\/www.hairconsultancy.nl\/de\/medizinisch\/chemotherapie\/","og_site_name":"Hair Consultancy Bussum","article_modified_time":"2020-12-03T15:06:12+00:00","og_image":[{"width":1320,"height":1467,"url":"https:\/\/www.hairconsultancy.nl\/wp-content\/uploads\/2020\/11\/Hair-Consultancy-1004-e1606223184337.jpg","type":"image\/jpeg"}],"twitter_card":"summary_large_image","twitter_misc":{"Gesch\u00e4tzte Lesezeit":"1\u00a0Minute"},"schema":{"@context":"https:\/\/schema.org","@graph":[{"@type":"WebPage","@id":"https:\/\/www.hairconsultancy.nl\/de\/medizinisch\/chemotherapie\/","url":"https:\/\/www.hairconsultancy.nl\/de\/medizinisch\/chemotherapie\/","name":"Chemotherapie - Hair Consultancy Bussum","isPartOf":{"@id":"https:\/\/www.hairconsultancy.nl\/de\/#website"},"primaryImageOfPage":{"@id":"https:\/\/www.hairconsultancy.nl\/de\/medizinisch\/chemotherapie\/#primaryimage"},"image":{"@id":"https:\/\/www.hairconsultancy.nl\/de\/medizinisch\/chemotherapie\/#primaryimage"},"thumbnailUrl":"https:\/\/www.hairconsultancy.nl\/wp-content\/uploads\/2020\/11\/Hair-Consultancy-1004-e1606223184337.jpg","datePublished":"2020-12-03T15:04:40+00:00","dateModified":"2020-12-03T15:06:12+00:00","description":"ChemotherapieIn der Regel f\u00fchrt eine Chemotherapie zum Verlust der Haare.","breadcrumb":{"@id":"https:\/\/www.hairconsultancy.nl\/de\/medizinisch\/chemotherapie\/#breadcrumb"},"inLanguage":"de","potentialAction":[{"@type":"ReadAction","target":["https:\/\/www.hairconsultancy.nl\/de\/medizinisch\/chemotherapie\/"]}]},{"@type":"ImageObject","inLanguage":"de","@id":"https:\/\/www.hairconsultancy.nl\/de\/medizinisch\/chemotherapie\/#primaryimage","url":"https:\/\/www.hairconsultancy.nl\/wp-content\/uploads\/2020\/11\/Hair-Consultancy-1004-e1606223184337.jpg","contentUrl":"https:\/\/www.hairconsultancy.nl\/wp-content\/uploads\/2020\/11\/Hair-Consultancy-1004-e1606223184337.jpg","width":1320,"height":1467},{"@type":"BreadcrumbList","@id":"https:\/\/www.hairconsultancy.nl\/de\/medizinisch\/chemotherapie\/#breadcrumb","itemListElement":[{"@type":"ListItem","position":1,"name":"Home","item":"https:\/\/www.hairconsultancy.nl\/de\/"},{"@type":"ListItem","position":2,"name":"Medizinisch","item":"https:\/\/www.hairconsultancy.nl\/de\/medizinisch\/"},{"@type":"ListItem","position":3,"name":"Chemotherapie"}]},{"@type":"WebSite","@id":"https:\/\/www.hairconsultancy.nl\/de\/#website","url":"https:\/\/www.hairconsultancy.nl\/de\/","name":"Hair Consultancy Bussum","description":"Hair Consultancy Bussum","potentialAction":[{"@type":"SearchAction","target":{"@type":"EntryPoint","urlTemplate":"https:\/\/www.hairconsultancy.nl\/de\/?s={search_term_string}"},"query-input":{"@type":"PropertyValueSpecification","valueRequired":true,"valueName":"search_term_string"}}],"inLanguage":"de"}]}},"_links":{"self":[{"href":"https:\/\/www.hairconsultancy.nl\/de\/wp-json\/wp\/v2\/pages\/2144","targetHints":{"allow":["GET"]}}],"collection":[{"href":"https:\/\/www.hairconsultancy.nl\/de\/wp-json\/wp\/v2\/pages"}],"about":[{"href":"https:\/\/www.hairconsultancy.nl\/de\/wp-json\/wp\/v2\/types\/page"}],"author":[{"embeddable":true,"href":"https:\/\/www.hairconsultancy.nl\/de\/wp-json\/wp\/v2\/users\/3336"}],"replies":[{"embeddable":true,"href":"https:\/\/www.hairconsultancy.nl\/de\/wp-json\/wp\/v2\/comments?post=2144"}],"version-history":[{"count":3,"href":"https:\/\/www.hairconsultancy.nl\/de\/wp-json\/wp\/v2\/pages\/2144\/revisions"}],"predecessor-version":[{"id":2149,"href":"https:\/\/www.hairconsultancy.nl\/de\/wp-json\/wp\/v2\/pages\/2144\/revisions\/2149"}],"up":[{"embeddable":true,"href":"https:\/\/www.hairconsultancy.nl\/de\/wp-json\/wp\/v2\/pages\/3683"}],"wp:featuredmedia":[{"embeddable":true,"href":"https:\/\/www.hairconsultancy.nl\/de\/wp-json\/wp\/v2\/media\/2145"}],"wp:attachment":[{"href":"https:\/\/www.hairconsultancy.nl\/de\/wp-json\/wp\/v2\/media?parent=2144"}],"curies":[{"name":"wp","href":"https:\/\/api.w.org\/{rel}","templated":true}]}}