{"id":2161,"date":"2020-12-03T15:29:57","date_gmt":"2020-12-03T15:29:57","guid":{"rendered":"http:\/\/www.hairconsultancy.nl\/haarerg-nzung-und-accessoires\/"},"modified":"2020-12-03T15:29:59","modified_gmt":"2020-12-03T15:29:59","slug":"haarerg-nzung-und-accessoires","status":"publish","type":"page","link":"https:\/\/www.hairconsultancy.nl\/de\/kosmetisch\/haarerg-nzung-und-accessoires\/","title":{"rendered":"Haarerg\u00e4nzung und Haaraccessoires"},"content":{"rendered":"\n<h3 class=\"wp-block-heading\">Haarerg\u00e4nzung<\/h3>\n\n<p>Sie k\u00f6nnen Ihr Traumhaar tragen, wann immer Sie wollen: nur zu einer Party oder einem Fest aber auch jeden Tag. Auch hier k\u00f6nnen wir sowohl eine abnehmbare Befestigung mit Clips als auch eine permanente Befestigung in Verbindung mit Ihren eigenen Haaren anbringen. Also eine charmante und modebewusste M\u00f6glichkeit, immer wieder eine andere Frisur zu tragen.<\/p>\n\n<p><h3>Haaraccessoires<\/h3>&#13;\n<p>Hier ist \u2018the sky the limit\u2019. Mit anderen Worten: alles ist m\u00f6glich, vom Knoten bis zur Flechte, von der Grace-Kelly-Banane bis zu jeder erdenklichen Fantasieform. Wir fertigen diese Accessoires aus genau der gleichen Haarsorte an wie Ihre nat\u00fcrlichen Haare und nat\u00fcrlich in genau dem gleichen Farbton. Um Ihnen einen Eindruck zu geben, k\u00f6nnen wir Ihnen eine gro\u00dfe Auswahl an eigenen Entw\u00fcrfen zeigen. Das bedeutet selbstverst\u00e4ndlich nicht, dass Sie nicht selbst mit einem ganz eigenen Wunsch zu uns kommen k\u00f6nnen. Das begr\u00fc\u00dfen wir sogar. Wir freuen uns auf neue Ideen und lassen uns von Ihren besonderen W\u00fcnschen begeistern!<\/p><\/p>\n","protected":false},"excerpt":{"rendered":"<p>Glamour, Volumen, L\u00e4nge: Filmstarhaare, der Traum aller Frauen! Wenn Sie Ihre Haare vom Oberkopf aus voller oder l\u00e4nger machen lassen, k\u00f6nnen Sie damit wundervolle Effekte erreichen. Ihre Haare wirken vom Hinterkopf aus optisch voller und mit einer solchen Erg\u00e4nzung kann jede Haarm\u00e4hne tanzen und sich bewegen wie in einem Reklamefilm.<\/p>\n","protected":false},"author":3336,"featured_media":4875,"parent":2308,"menu_order":0,"comment_status":"closed","ping_status":"closed","template":"","meta":{"_et_pb_use_builder":"on","_et_pb_old_content":"","_et_gb_content_width":"","footnotes":""},"class_list":["post-2161","page","type-page","status-publish","has-post-thumbnail","hentry"],"yoast_head":"<!-- This site is optimized with the Yoast SEO plugin v27.3 - https:\/\/yoast.com\/product\/yoast-seo-wordpress\/ -->\n<title>Haarerg\u00e4nzung und Haaraccessoires - Hair Consultancy Bussum<\/title>\n<meta name=\"description\" content=\"Haarerg\u00e4nzung Glamour Volumen L\u00e4nge Filmstarhaare der Traum aller Frauen Wenn Sie Ihre Haare vom Oberkopf aus voller oder l\u00e4nger machen lassen k\u00f6nnen Sie damit wundervolle Effekte erreichen.\" \/>\n<meta name=\"robots\" content=\"index, follow, max-snippet:-1, max-image-preview:large, max-video-preview:-1\" \/>\n<link rel=\"canonical\" href=\"https:\/\/www.hairconsultancy.nl\/de\/kosmetisch\/haarerg-nzung-und-accessoires\/\" \/>\n<meta property=\"og:locale\" content=\"de_DE\" \/>\n<meta property=\"og:type\" content=\"article\" \/>\n<meta property=\"og:title\" content=\"Haarerg\u00e4nzung und Haaraccessoires - Hair Consultancy Bussum\" \/>\n<meta property=\"og:description\" content=\"Haarerg\u00e4nzung Glamour Volumen L\u00e4nge Filmstarhaare der Traum aller Frauen Wenn Sie Ihre Haare vom Oberkopf aus voller oder l\u00e4nger machen lassen k\u00f6nnen Sie damit wundervolle Effekte erreichen.\" \/>\n<meta property=\"og:url\" content=\"https:\/\/www.hairconsultancy.nl\/de\/kosmetisch\/haarerg-nzung-und-accessoires\/\" \/>\n<meta property=\"og:site_name\" content=\"Hair Consultancy Bussum\" \/>\n<meta property=\"article:modified_time\" content=\"2020-12-03T15:29:59+00:00\" \/>\n<meta property=\"og:image\" content=\"https:\/\/www.hairconsultancy.nl\/wp-content\/uploads\/2021\/01\/wit45.jpg\" \/>\n\t<meta property=\"og:image:width\" content=\"928\" \/>\n\t<meta property=\"og:image:height\" content=\"456\" \/>\n\t<meta property=\"og:image:type\" content=\"image\/jpeg\" \/>\n<meta name=\"twitter:card\" content=\"summary_large_image\" \/>\n<meta name=\"twitter:label1\" content=\"Gesch\u00e4tzte Lesezeit\" \/>\n\t<meta name=\"twitter:data1\" content=\"1\u00a0Minute\" \/>\n<script type=\"application\/ld+json\" class=\"yoast-schema-graph\">{\"@context\":\"https:\\\/\\\/schema.org\",\"@graph\":[{\"@type\":\"WebPage\",\"@id\":\"https:\\\/\\\/www.hairconsultancy.nl\\\/de\\\/kosmetisch\\\/haarerg-nzung-und-accessoires\\\/\",\"url\":\"https:\\\/\\\/www.hairconsultancy.nl\\\/de\\\/kosmetisch\\\/haarerg-nzung-und-accessoires\\\/\",\"name\":\"Haarerg\u00e4nzung und Haaraccessoires - Hair Consultancy Bussum\",\"isPartOf\":{\"@id\":\"https:\\\/\\\/www.hairconsultancy.nl\\\/de\\\/#website\"},\"primaryImageOfPage\":{\"@id\":\"https:\\\/\\\/www.hairconsultancy.nl\\\/de\\\/kosmetisch\\\/haarerg-nzung-und-accessoires\\\/#primaryimage\"},\"image\":{\"@id\":\"https:\\\/\\\/www.hairconsultancy.nl\\\/de\\\/kosmetisch\\\/haarerg-nzung-und-accessoires\\\/#primaryimage\"},\"thumbnailUrl\":\"https:\\\/\\\/www.hairconsultancy.nl\\\/wp-content\\\/uploads\\\/2022\\\/06\\\/cosmetisch-haarwerk_slider_achterkant-platina-blond.jpg\",\"datePublished\":\"2020-12-03T15:29:57+00:00\",\"dateModified\":\"2020-12-03T15:29:59+00:00\",\"description\":\"Haarerg\u00e4nzung Glamour Volumen L\u00e4nge Filmstarhaare der Traum aller Frauen Wenn Sie Ihre Haare vom Oberkopf aus voller oder l\u00e4nger machen lassen k\u00f6nnen Sie damit wundervolle Effekte erreichen.\",\"breadcrumb\":{\"@id\":\"https:\\\/\\\/www.hairconsultancy.nl\\\/de\\\/kosmetisch\\\/haarerg-nzung-und-accessoires\\\/#breadcrumb\"},\"inLanguage\":\"de\",\"potentialAction\":[{\"@type\":\"ReadAction\",\"target\":[\"https:\\\/\\\/www.hairconsultancy.nl\\\/de\\\/kosmetisch\\\/haarerg-nzung-und-accessoires\\\/\"]}]},{\"@type\":\"ImageObject\",\"inLanguage\":\"de\",\"@id\":\"https:\\\/\\\/www.hairconsultancy.nl\\\/de\\\/kosmetisch\\\/haarerg-nzung-und-accessoires\\\/#primaryimage\",\"url\":\"https:\\\/\\\/www.hairconsultancy.nl\\\/wp-content\\\/uploads\\\/2022\\\/06\\\/cosmetisch-haarwerk_slider_achterkant-platina-blond.jpg\",\"contentUrl\":\"https:\\\/\\\/www.hairconsultancy.nl\\\/wp-content\\\/uploads\\\/2022\\\/06\\\/cosmetisch-haarwerk_slider_achterkant-platina-blond.jpg\",\"width\":820,\"height\":631},{\"@type\":\"BreadcrumbList\",\"@id\":\"https:\\\/\\\/www.hairconsultancy.nl\\\/de\\\/kosmetisch\\\/haarerg-nzung-und-accessoires\\\/#breadcrumb\",\"itemListElement\":[{\"@type\":\"ListItem\",\"position\":1,\"name\":\"Home\",\"item\":\"https:\\\/\\\/www.hairconsultancy.nl\\\/de\\\/\"},{\"@type\":\"ListItem\",\"position\":2,\"name\":\"Kosmetisch\",\"item\":\"https:\\\/\\\/www.hairconsultancy.nl\\\/de\\\/kosmetisch\\\/\"},{\"@type\":\"ListItem\",\"position\":3,\"name\":\"Haarerg\u00e4nzung und Haaraccessoires\"}]},{\"@type\":\"WebSite\",\"@id\":\"https:\\\/\\\/www.hairconsultancy.nl\\\/de\\\/#website\",\"url\":\"https:\\\/\\\/www.hairconsultancy.nl\\\/de\\\/\",\"name\":\"Hair Consultancy Bussum\",\"description\":\"Hair Consultancy Bussum\",\"potentialAction\":[{\"@type\":\"SearchAction\",\"target\":{\"@type\":\"EntryPoint\",\"urlTemplate\":\"https:\\\/\\\/www.hairconsultancy.nl\\\/de\\\/?s={search_term_string}\"},\"query-input\":{\"@type\":\"PropertyValueSpecification\",\"valueRequired\":true,\"valueName\":\"search_term_string\"}}],\"inLanguage\":\"de\"}]}<\/script>\n<!-- \/ Yoast SEO plugin. -->","yoast_head_json":{"title":"Haarerg\u00e4nzung und Haaraccessoires - Hair Consultancy Bussum","description":"Haarerg\u00e4nzung Glamour Volumen L\u00e4nge Filmstarhaare der Traum aller Frauen Wenn Sie Ihre Haare vom Oberkopf aus voller oder l\u00e4nger machen lassen k\u00f6nnen Sie damit wundervolle Effekte erreichen.","robots":{"index":"index","follow":"follow","max-snippet":"max-snippet:-1","max-image-preview":"max-image-preview:large","max-video-preview":"max-video-preview:-1"},"canonical":"https:\/\/www.hairconsultancy.nl\/de\/kosmetisch\/haarerg-nzung-und-accessoires\/","og_locale":"de_DE","og_type":"article","og_title":"Haarerg\u00e4nzung und Haaraccessoires - Hair Consultancy Bussum","og_description":"Haarerg\u00e4nzung Glamour Volumen L\u00e4nge Filmstarhaare der Traum aller Frauen Wenn Sie Ihre Haare vom Oberkopf aus voller oder l\u00e4nger machen lassen k\u00f6nnen Sie damit wundervolle Effekte erreichen.","og_url":"https:\/\/www.hairconsultancy.nl\/de\/kosmetisch\/haarerg-nzung-und-accessoires\/","og_site_name":"Hair Consultancy Bussum","article_modified_time":"2020-12-03T15:29:59+00:00","og_image":[{"width":928,"height":456,"url":"https:\/\/www.hairconsultancy.nl\/wp-content\/uploads\/2021\/01\/wit45.jpg","type":"image\/jpeg"}],"twitter_card":"summary_large_image","twitter_misc":{"Gesch\u00e4tzte Lesezeit":"1\u00a0Minute"},"schema":{"@context":"https:\/\/schema.org","@graph":[{"@type":"WebPage","@id":"https:\/\/www.hairconsultancy.nl\/de\/kosmetisch\/haarerg-nzung-und-accessoires\/","url":"https:\/\/www.hairconsultancy.nl\/de\/kosmetisch\/haarerg-nzung-und-accessoires\/","name":"Haarerg\u00e4nzung und Haaraccessoires - Hair Consultancy Bussum","isPartOf":{"@id":"https:\/\/www.hairconsultancy.nl\/de\/#website"},"primaryImageOfPage":{"@id":"https:\/\/www.hairconsultancy.nl\/de\/kosmetisch\/haarerg-nzung-und-accessoires\/#primaryimage"},"image":{"@id":"https:\/\/www.hairconsultancy.nl\/de\/kosmetisch\/haarerg-nzung-und-accessoires\/#primaryimage"},"thumbnailUrl":"https:\/\/www.hairconsultancy.nl\/wp-content\/uploads\/2022\/06\/cosmetisch-haarwerk_slider_achterkant-platina-blond.jpg","datePublished":"2020-12-03T15:29:57+00:00","dateModified":"2020-12-03T15:29:59+00:00","description":"Haarerg\u00e4nzung Glamour Volumen L\u00e4nge Filmstarhaare der Traum aller Frauen Wenn Sie Ihre Haare vom Oberkopf aus voller oder l\u00e4nger machen lassen k\u00f6nnen Sie damit wundervolle Effekte erreichen.","breadcrumb":{"@id":"https:\/\/www.hairconsultancy.nl\/de\/kosmetisch\/haarerg-nzung-und-accessoires\/#breadcrumb"},"inLanguage":"de","potentialAction":[{"@type":"ReadAction","target":["https:\/\/www.hairconsultancy.nl\/de\/kosmetisch\/haarerg-nzung-und-accessoires\/"]}]},{"@type":"ImageObject","inLanguage":"de","@id":"https:\/\/www.hairconsultancy.nl\/de\/kosmetisch\/haarerg-nzung-und-accessoires\/#primaryimage","url":"https:\/\/www.hairconsultancy.nl\/wp-content\/uploads\/2022\/06\/cosmetisch-haarwerk_slider_achterkant-platina-blond.jpg","contentUrl":"https:\/\/www.hairconsultancy.nl\/wp-content\/uploads\/2022\/06\/cosmetisch-haarwerk_slider_achterkant-platina-blond.jpg","width":820,"height":631},{"@type":"BreadcrumbList","@id":"https:\/\/www.hairconsultancy.nl\/de\/kosmetisch\/haarerg-nzung-und-accessoires\/#breadcrumb","itemListElement":[{"@type":"ListItem","position":1,"name":"Home","item":"https:\/\/www.hairconsultancy.nl\/de\/"},{"@type":"ListItem","position":2,"name":"Kosmetisch","item":"https:\/\/www.hairconsultancy.nl\/de\/kosmetisch\/"},{"@type":"ListItem","position":3,"name":"Haarerg\u00e4nzung und Haaraccessoires"}]},{"@type":"WebSite","@id":"https:\/\/www.hairconsultancy.nl\/de\/#website","url":"https:\/\/www.hairconsultancy.nl\/de\/","name":"Hair Consultancy Bussum","description":"Hair Consultancy Bussum","potentialAction":[{"@type":"SearchAction","target":{"@type":"EntryPoint","urlTemplate":"https:\/\/www.hairconsultancy.nl\/de\/?s={search_term_string}"},"query-input":{"@type":"PropertyValueSpecification","valueRequired":true,"valueName":"search_term_string"}}],"inLanguage":"de"}]}},"_links":{"self":[{"href":"https:\/\/www.hairconsultancy.nl\/de\/wp-json\/wp\/v2\/pages\/2161","targetHints":{"allow":["GET"]}}],"collection":[{"href":"https:\/\/www.hairconsultancy.nl\/de\/wp-json\/wp\/v2\/pages"}],"about":[{"href":"https:\/\/www.hairconsultancy.nl\/de\/wp-json\/wp\/v2\/types\/page"}],"author":[{"embeddable":true,"href":"https:\/\/www.hairconsultancy.nl\/de\/wp-json\/wp\/v2\/users\/3336"}],"replies":[{"embeddable":true,"href":"https:\/\/www.hairconsultancy.nl\/de\/wp-json\/wp\/v2\/comments?post=2161"}],"version-history":[{"count":1,"href":"https:\/\/www.hairconsultancy.nl\/de\/wp-json\/wp\/v2\/pages\/2161\/revisions"}],"predecessor-version":[{"id":2162,"href":"https:\/\/www.hairconsultancy.nl\/de\/wp-json\/wp\/v2\/pages\/2161\/revisions\/2162"}],"up":[{"embeddable":true,"href":"https:\/\/www.hairconsultancy.nl\/de\/wp-json\/wp\/v2\/pages\/2308"}],"wp:featuredmedia":[{"embeddable":true,"href":"https:\/\/www.hairconsultancy.nl\/de\/wp-json\/wp\/v2\/media\/4875"}],"wp:attachment":[{"href":"https:\/\/www.hairconsultancy.nl\/de\/wp-json\/wp\/v2\/media?parent=2161"}],"curies":[{"name":"wp","href":"https:\/\/api.w.org\/{rel}","templated":true}]}}