{"id":3683,"date":"2021-01-07T09:14:12","date_gmt":"2021-01-07T09:14:12","guid":{"rendered":"http:\/\/www.hairconsultancy.nl\/medizinisch\/"},"modified":"2021-04-20T09:59:52","modified_gmt":"2021-04-20T07:59:52","slug":"medizinisch","status":"publish","type":"page","link":"https:\/\/www.hairconsultancy.nl\/de\/medizinisch\/","title":{"rendered":"Medizinisch"},"content":{"rendered":"\n<h2 class=\"wp-block-heading\">Medizinische Ursachen von Haarausfall<\/h2>\n\n<ul class=\"wp-block-list\"><li><a href=\"https:\/\/www.hairconsultancy.nl\/de\/medizinisch\/haarverlust\/\">Haarausfall<\/a><\/li><li><a href=\"https:\/\/www.hairconsultancy.nl\/de\/medizinisch\/alopecia-androgenetica\/\">Androgenetische Alopezie<\/a><\/li><li><a href=\"https:\/\/www.hairconsultancy.nl\/de\/medizinisch\/alopecia-areata\/\">Alopezie Areata<\/a><\/li><li><a href=\"https:\/\/www.hairconsultancy.nl\/de\/medizinisch\/chemotherapie\/\">Chemotherapie<\/a><\/li><li><a href=\"https:\/\/www.hairconsultancy.nl\/de\/medizinisch\/narben-und-brandwunden\/\">Haarausfall durch Narben und Verbrennungen<\/a><\/li><li><a href=\"https:\/\/www.hairconsultancy.nl\/de\/medizinisch\/haarverlust\/\">Haarausfall<\/a><\/li><li><a href=\"https:\/\/www.hairconsultancy.nl\/de\/medizinisch\/strahlentherapie-und-trichotillomanie\/\">Strahlentherapie &amp; Trichotillomanie<\/a><\/li><li><a href=\"https:\/\/www.hairconsultancy.nl\/de\/medizinisch\/vor-bergehender-haarausfall\/\">Vor\u00fcbergehender Haarausfall<\/a><\/li><li><a href=\"https:\/\/www.hairconsultancy.nl\/de\/medizinisch\/transsexuell-und-transgender\/\">Transsexuell &amp; Transgender<\/a><\/li><li><a href=\"https:\/\/www.hairconsultancy.nl\/de\/information\/preise-verguetungen-und-garantien\/\">Preise, Verg\u00fctung<\/a><\/li><\/ul>\n","protected":false},"excerpt":{"rendered":"<p>Haarausfall ist ein \u00c4rgernis, mit dem auch Frauen heutzutage immer h\u00e4ufiger zu k\u00e4mpfen haben.<br \/>\nWie ist das m\u00f6glich?<br \/>\nHaarausfall oder Haarverlust kann vielf\u00e4ltige Ursachen haben, wie z.B. Krankheit, Medikamente oder erbliche Faktoren.<br \/>\nDie h\u00e4ufigsten Formen von Haarausfall sind Alopecia Areata, Alopecia Androgenetica und Chemotherapie.<\/p>\n","protected":false},"author":3336,"featured_media":4931,"parent":0,"menu_order":0,"comment_status":"closed","ping_status":"closed","template":"","meta":{"_et_pb_use_builder":"on","_et_pb_old_content":"","_et_gb_content_width":"","footnotes":""},"class_list":["post-3683","page","type-page","status-publish","has-post-thumbnail","hentry"],"yoast_head":"<!-- This site is optimized with the Yoast SEO plugin v27.3 - https:\/\/yoast.com\/product\/yoast-seo-wordpress\/ -->\n<title>Medizinisch - Hair Consultancy Bussum<\/title>\n<meta name=\"robots\" content=\"index, follow, max-snippet:-1, max-image-preview:large, max-video-preview:-1\" \/>\n<link rel=\"canonical\" href=\"https:\/\/www.hairconsultancy.nl\/de\/medizinisch\/\" \/>\n<meta property=\"og:locale\" content=\"de_DE\" \/>\n<meta property=\"og:type\" content=\"article\" \/>\n<meta property=\"og:title\" content=\"Medizinisch - Hair Consultancy Bussum\" \/>\n<meta property=\"og:description\" content=\"Haarausfall ist ein \u00c4rgernis, mit dem auch Frauen heutzutage immer h\u00e4ufiger zu k\u00e4mpfen haben. Wie ist das m\u00f6glich? Haarausfall oder Haarverlust kann vielf\u00e4ltige Ursachen haben, wie z.B. Krankheit, Medikamente oder erbliche Faktoren. Die h\u00e4ufigsten Formen von Haarausfall sind Alopecia Areata, Alopecia Androgenetica und Chemotherapie.\" \/>\n<meta property=\"og:url\" content=\"https:\/\/www.hairconsultancy.nl\/de\/medizinisch\/\" \/>\n<meta property=\"og:site_name\" content=\"Hair Consultancy Bussum\" \/>\n<meta property=\"article:modified_time\" content=\"2021-04-20T07:59:52+00:00\" \/>\n<meta property=\"og:image\" content=\"https:\/\/www.hairconsultancy.nl\/wp-content\/uploads\/2020\/10\/Foto-Receptie.jpg\" \/>\n\t<meta property=\"og:image:width\" content=\"2200\" \/>\n\t<meta property=\"og:image:height\" content=\"1467\" \/>\n\t<meta property=\"og:image:type\" content=\"image\/jpeg\" \/>\n<meta name=\"twitter:card\" content=\"summary_large_image\" \/>\n<script type=\"application\/ld+json\" class=\"yoast-schema-graph\">{\"@context\":\"https:\\\/\\\/schema.org\",\"@graph\":[{\"@type\":\"WebPage\",\"@id\":\"https:\\\/\\\/www.hairconsultancy.nl\\\/de\\\/medizinisch\\\/\",\"url\":\"https:\\\/\\\/www.hairconsultancy.nl\\\/de\\\/medizinisch\\\/\",\"name\":\"Medizinisch - Hair Consultancy Bussum\",\"isPartOf\":{\"@id\":\"https:\\\/\\\/www.hairconsultancy.nl\\\/de\\\/#website\"},\"primaryImageOfPage\":{\"@id\":\"https:\\\/\\\/www.hairconsultancy.nl\\\/de\\\/medizinisch\\\/#primaryimage\"},\"image\":{\"@id\":\"https:\\\/\\\/www.hairconsultancy.nl\\\/de\\\/medizinisch\\\/#primaryimage\"},\"thumbnailUrl\":\"https:\\\/\\\/www.hairconsultancy.nl\\\/wp-content\\\/uploads\\\/2022\\\/06\\\/voor-na-foto-haarwerk-gabrielle_1100px.jpg\",\"datePublished\":\"2021-01-07T09:14:12+00:00\",\"dateModified\":\"2021-04-20T07:59:52+00:00\",\"breadcrumb\":{\"@id\":\"https:\\\/\\\/www.hairconsultancy.nl\\\/de\\\/medizinisch\\\/#breadcrumb\"},\"inLanguage\":\"de\",\"potentialAction\":[{\"@type\":\"ReadAction\",\"target\":[\"https:\\\/\\\/www.hairconsultancy.nl\\\/de\\\/medizinisch\\\/\"]}]},{\"@type\":\"ImageObject\",\"inLanguage\":\"de\",\"@id\":\"https:\\\/\\\/www.hairconsultancy.nl\\\/de\\\/medizinisch\\\/#primaryimage\",\"url\":\"https:\\\/\\\/www.hairconsultancy.nl\\\/wp-content\\\/uploads\\\/2022\\\/06\\\/voor-na-foto-haarwerk-gabrielle_1100px.jpg\",\"contentUrl\":\"https:\\\/\\\/www.hairconsultancy.nl\\\/wp-content\\\/uploads\\\/2022\\\/06\\\/voor-na-foto-haarwerk-gabrielle_1100px.jpg\",\"width\":1100,\"height\":1030},{\"@type\":\"BreadcrumbList\",\"@id\":\"https:\\\/\\\/www.hairconsultancy.nl\\\/de\\\/medizinisch\\\/#breadcrumb\",\"itemListElement\":[{\"@type\":\"ListItem\",\"position\":1,\"name\":\"Home\",\"item\":\"https:\\\/\\\/www.hairconsultancy.nl\\\/de\\\/\"},{\"@type\":\"ListItem\",\"position\":2,\"name\":\"Medizinisch\"}]},{\"@type\":\"WebSite\",\"@id\":\"https:\\\/\\\/www.hairconsultancy.nl\\\/de\\\/#website\",\"url\":\"https:\\\/\\\/www.hairconsultancy.nl\\\/de\\\/\",\"name\":\"Hair Consultancy Bussum\",\"description\":\"Hair Consultancy Bussum\",\"potentialAction\":[{\"@type\":\"SearchAction\",\"target\":{\"@type\":\"EntryPoint\",\"urlTemplate\":\"https:\\\/\\\/www.hairconsultancy.nl\\\/de\\\/?s={search_term_string}\"},\"query-input\":{\"@type\":\"PropertyValueSpecification\",\"valueRequired\":true,\"valueName\":\"search_term_string\"}}],\"inLanguage\":\"de\"}]}<\/script>\n<!-- \/ Yoast SEO plugin. -->","yoast_head_json":{"title":"Medizinisch - Hair Consultancy Bussum","robots":{"index":"index","follow":"follow","max-snippet":"max-snippet:-1","max-image-preview":"max-image-preview:large","max-video-preview":"max-video-preview:-1"},"canonical":"https:\/\/www.hairconsultancy.nl\/de\/medizinisch\/","og_locale":"de_DE","og_type":"article","og_title":"Medizinisch - Hair Consultancy Bussum","og_description":"Haarausfall ist ein \u00c4rgernis, mit dem auch Frauen heutzutage immer h\u00e4ufiger zu k\u00e4mpfen haben. Wie ist das m\u00f6glich? Haarausfall oder Haarverlust kann vielf\u00e4ltige Ursachen haben, wie z.B. Krankheit, Medikamente oder erbliche Faktoren. Die h\u00e4ufigsten Formen von Haarausfall sind Alopecia Areata, Alopecia Androgenetica und Chemotherapie.","og_url":"https:\/\/www.hairconsultancy.nl\/de\/medizinisch\/","og_site_name":"Hair Consultancy Bussum","article_modified_time":"2021-04-20T07:59:52+00:00","og_image":[{"width":2200,"height":1467,"url":"https:\/\/www.hairconsultancy.nl\/wp-content\/uploads\/2020\/10\/Foto-Receptie.jpg","type":"image\/jpeg"}],"twitter_card":"summary_large_image","schema":{"@context":"https:\/\/schema.org","@graph":[{"@type":"WebPage","@id":"https:\/\/www.hairconsultancy.nl\/de\/medizinisch\/","url":"https:\/\/www.hairconsultancy.nl\/de\/medizinisch\/","name":"Medizinisch - Hair Consultancy Bussum","isPartOf":{"@id":"https:\/\/www.hairconsultancy.nl\/de\/#website"},"primaryImageOfPage":{"@id":"https:\/\/www.hairconsultancy.nl\/de\/medizinisch\/#primaryimage"},"image":{"@id":"https:\/\/www.hairconsultancy.nl\/de\/medizinisch\/#primaryimage"},"thumbnailUrl":"https:\/\/www.hairconsultancy.nl\/wp-content\/uploads\/2022\/06\/voor-na-foto-haarwerk-gabrielle_1100px.jpg","datePublished":"2021-01-07T09:14:12+00:00","dateModified":"2021-04-20T07:59:52+00:00","breadcrumb":{"@id":"https:\/\/www.hairconsultancy.nl\/de\/medizinisch\/#breadcrumb"},"inLanguage":"de","potentialAction":[{"@type":"ReadAction","target":["https:\/\/www.hairconsultancy.nl\/de\/medizinisch\/"]}]},{"@type":"ImageObject","inLanguage":"de","@id":"https:\/\/www.hairconsultancy.nl\/de\/medizinisch\/#primaryimage","url":"https:\/\/www.hairconsultancy.nl\/wp-content\/uploads\/2022\/06\/voor-na-foto-haarwerk-gabrielle_1100px.jpg","contentUrl":"https:\/\/www.hairconsultancy.nl\/wp-content\/uploads\/2022\/06\/voor-na-foto-haarwerk-gabrielle_1100px.jpg","width":1100,"height":1030},{"@type":"BreadcrumbList","@id":"https:\/\/www.hairconsultancy.nl\/de\/medizinisch\/#breadcrumb","itemListElement":[{"@type":"ListItem","position":1,"name":"Home","item":"https:\/\/www.hairconsultancy.nl\/de\/"},{"@type":"ListItem","position":2,"name":"Medizinisch"}]},{"@type":"WebSite","@id":"https:\/\/www.hairconsultancy.nl\/de\/#website","url":"https:\/\/www.hairconsultancy.nl\/de\/","name":"Hair Consultancy Bussum","description":"Hair Consultancy Bussum","potentialAction":[{"@type":"SearchAction","target":{"@type":"EntryPoint","urlTemplate":"https:\/\/www.hairconsultancy.nl\/de\/?s={search_term_string}"},"query-input":{"@type":"PropertyValueSpecification","valueRequired":true,"valueName":"search_term_string"}}],"inLanguage":"de"}]}},"_links":{"self":[{"href":"https:\/\/www.hairconsultancy.nl\/de\/wp-json\/wp\/v2\/pages\/3683","targetHints":{"allow":["GET"]}}],"collection":[{"href":"https:\/\/www.hairconsultancy.nl\/de\/wp-json\/wp\/v2\/pages"}],"about":[{"href":"https:\/\/www.hairconsultancy.nl\/de\/wp-json\/wp\/v2\/types\/page"}],"author":[{"embeddable":true,"href":"https:\/\/www.hairconsultancy.nl\/de\/wp-json\/wp\/v2\/users\/3336"}],"replies":[{"embeddable":true,"href":"https:\/\/www.hairconsultancy.nl\/de\/wp-json\/wp\/v2\/comments?post=3683"}],"version-history":[{"count":3,"href":"https:\/\/www.hairconsultancy.nl\/de\/wp-json\/wp\/v2\/pages\/3683\/revisions"}],"predecessor-version":[{"id":4200,"href":"https:\/\/www.hairconsultancy.nl\/de\/wp-json\/wp\/v2\/pages\/3683\/revisions\/4200"}],"wp:featuredmedia":[{"embeddable":true,"href":"https:\/\/www.hairconsultancy.nl\/de\/wp-json\/wp\/v2\/media\/4931"}],"wp:attachment":[{"href":"https:\/\/www.hairconsultancy.nl\/de\/wp-json\/wp\/v2\/media?parent=3683"}],"curies":[{"name":"wp","href":"https:\/\/api.w.org\/{rel}","templated":true}]}}