{"id":3791,"date":"2021-01-11T09:22:48","date_gmt":"2021-01-11T09:22:48","guid":{"rendered":"http:\/\/www.hairconsultancy.nl\/medien\/leco-van-zadelhoff\/"},"modified":"2021-01-11T09:22:49","modified_gmt":"2021-01-11T09:22:49","slug":"leco-van-zadelhoff","status":"publish","type":"page","link":"https:\/\/www.hairconsultancy.nl\/de\/medien\/leco-van-zadelhoff\/","title":{"rendered":"Leco van Zadelhoff \u00fcber Hair Consultancy Bussum"},"content":{"rendered":"\n<h3 class=\"wp-block-heading\"><strong>\u201eSie sind das Chanel unter den Haarwerken\u201d<\/strong><\/h3>\n\n<p><em>\u00a0\u2018\u201eDie Haarwerke von Hair Consultancy Bussum sind Couture.&#13;\nPure Haute Couture. &#13;\nEs gibt eine Menge Firmen, die \u00e4hnliche Arbeit leisten, aber sie gehen nicht \u00fcber die Konfektionsstufe hinaus.&#13;\nSie m\u00fcssen sich daran erinnern, dass haararbeit ein Handwerk ist, und Sie tun es am besten.&#13;\n<\/em><\/p>\n\n<p><em>Sie k\u00f6nnen es mit einer Chanel-Jacke vergleichen, die Sie im H&amp;M kaufen, die sicher von guter Qualit\u00e4t ist, oder Sie kaufen die originale Chanel-Jacke, das Haute-Couture-Modell.<\/em><\/p>\n\n<p><em>Die Haarteile haben einen hohen Preis, aber man bekommt daf\u00fcr Top-Qualit\u00e4t und das ist viel wert.&#13;\nIch benutze die Haarwerke rein glamour\u00f6s.&#13;\nMeine Kunden sind von h\u00f6chster Niveau, stehen immer im Rampenlicht, sie verlangen Perfektion und das m\u00f6chte ich auch bieten k\u00f6nnen.&#13;\n<\/em><\/p>\n\n<p><em>Deshalb arbeite ich ausschlie\u00dflich mit den Haarwerken aus Bussum.&#13;\nWir haben den gleichen Geschmack in Bezug auf Strukturen und Farben, daher ist unsere Zusammenarbeit perfekt.&#13;\nWenn ich so dr\u00fcber nachdenke, haben sie einfach die sch\u00f6nsten Haare f\u00fcr alle meine Kunden.&#13;\nSie sind wirklich gro\u00dfartig!\u201d&#13;\n<\/em><\/p>\n\n<h3 class=\"wp-block-heading\"><strong>Erleben Sie es auch<\/strong><\/h3>\n\n<ul class=\"wp-block-list\"><li>Exklusive ma\u00dfgeschneiderte Haare<\/li><li>Renommierte Experten<\/li><li>Hohes Dienstleistungsniveau<\/li><li>35 Jahre Erfahrung<\/li><li>Beste Methoden f\u00fcr nat\u00fcrliches Haar<\/li><li>Privatsph\u00e4re garantiert<\/li><\/ul>\n","protected":false},"excerpt":{"rendered":"<p>Leco van Zadelhoff ist vielen als Starfriseur, TV-Stylist und Make-up-Artist bekannt.<br \/>\nEr erscheint regelm\u00e4\u00dfig im Fernsehen und in den Sch\u00f6nheitsmagazinen mit seiner Vision \u00fcber die neuesten Sch\u00f6nheits- und Haartrends.<br \/>\nLeco arbeitet bereits seit vierzehn Jahren mit der Friseurin Eline van der Linden bei Hair Consultancy Bussum zusammen.<br \/>\nZwei Stylisten, die f\u00fcr ihre Kunden h\u00f6chste Qualit\u00e4t verlangen und diese auch liefern k\u00f6nnen.<br \/>\nEin perfektes Zusammenspiel f\u00fcr bekannte und unbekannte niederl\u00e4ndische und internationale Stars.<br \/>\nEr erkl\u00e4rt, warum Leco Kunden mit Haarproblemen am liebsten an die Haarspezialisten von Hair Consultancy Bussum verweist:<\/p>\n","protected":false},"author":3336,"featured_media":3193,"parent":2316,"menu_order":0,"comment_status":"closed","ping_status":"closed","template":"","meta":{"_et_pb_use_builder":"on","_et_pb_old_content":"","_et_gb_content_width":"","footnotes":""},"class_list":["post-3791","page","type-page","status-publish","has-post-thumbnail","hentry"],"yoast_head":"<!-- This site is optimized with the Yoast SEO plugin v27.3 - https:\/\/yoast.com\/product\/yoast-seo-wordpress\/ -->\n<title>Leco van Zadelhoff \u00fcber Hair Consultancy Bussum - Hair Consultancy Bussum<\/title>\n<meta name=\"description\" content=\"Er erkl\u00e4rt, warum Leco Kunden mit Haarproblemen am liebsten an die Haarspezialisten von Hair Consultancy Bussum verweist:\" \/>\n<meta name=\"robots\" content=\"index, follow, max-snippet:-1, max-image-preview:large, max-video-preview:-1\" \/>\n<link rel=\"canonical\" href=\"https:\/\/www.hairconsultancy.nl\/de\/medien\/leco-van-zadelhoff\/\" \/>\n<meta property=\"og:locale\" content=\"de_DE\" \/>\n<meta property=\"og:type\" content=\"article\" \/>\n<meta property=\"og:title\" content=\"Leco van Zadelhoff \u00fcber Hair Consultancy Bussum - Hair Consultancy Bussum\" \/>\n<meta property=\"og:description\" content=\"Er erkl\u00e4rt, warum Leco Kunden mit Haarproblemen am liebsten an die Haarspezialisten von Hair Consultancy Bussum verweist:\" \/>\n<meta property=\"og:url\" content=\"https:\/\/www.hairconsultancy.nl\/de\/medien\/leco-van-zadelhoff\/\" \/>\n<meta property=\"og:site_name\" content=\"Hair Consultancy Bussum\" \/>\n<meta property=\"article:modified_time\" content=\"2021-01-11T09:22:49+00:00\" \/>\n<meta property=\"og:image\" content=\"https:\/\/www.hairconsultancy.nl\/wp-content\/uploads\/2020\/12\/leco-400zw-1.jpg\" \/>\n\t<meta property=\"og:image:width\" content=\"1500\" \/>\n\t<meta property=\"og:image:height\" content=\"2516\" \/>\n\t<meta property=\"og:image:type\" content=\"image\/jpeg\" \/>\n<meta name=\"twitter:card\" content=\"summary_large_image\" \/>\n<meta name=\"twitter:label1\" content=\"Gesch\u00e4tzte Lesezeit\" \/>\n\t<meta name=\"twitter:data1\" content=\"1\u00a0Minute\" \/>\n<script type=\"application\/ld+json\" class=\"yoast-schema-graph\">{\"@context\":\"https:\\\/\\\/schema.org\",\"@graph\":[{\"@type\":\"WebPage\",\"@id\":\"https:\\\/\\\/www.hairconsultancy.nl\\\/de\\\/medien\\\/leco-van-zadelhoff\\\/\",\"url\":\"https:\\\/\\\/www.hairconsultancy.nl\\\/de\\\/medien\\\/leco-van-zadelhoff\\\/\",\"name\":\"Leco van Zadelhoff \u00fcber Hair Consultancy Bussum - Hair Consultancy Bussum\",\"isPartOf\":{\"@id\":\"https:\\\/\\\/www.hairconsultancy.nl\\\/de\\\/#website\"},\"primaryImageOfPage\":{\"@id\":\"https:\\\/\\\/www.hairconsultancy.nl\\\/de\\\/medien\\\/leco-van-zadelhoff\\\/#primaryimage\"},\"image\":{\"@id\":\"https:\\\/\\\/www.hairconsultancy.nl\\\/de\\\/medien\\\/leco-van-zadelhoff\\\/#primaryimage\"},\"thumbnailUrl\":\"https:\\\/\\\/www.hairconsultancy.nl\\\/wp-content\\\/uploads\\\/2020\\\/12\\\/leco-400zw-1.jpg\",\"datePublished\":\"2021-01-11T09:22:48+00:00\",\"dateModified\":\"2021-01-11T09:22:49+00:00\",\"description\":\"Er erkl\u00e4rt, warum Leco Kunden mit Haarproblemen am liebsten an die Haarspezialisten von Hair Consultancy Bussum verweist:\",\"breadcrumb\":{\"@id\":\"https:\\\/\\\/www.hairconsultancy.nl\\\/de\\\/medien\\\/leco-van-zadelhoff\\\/#breadcrumb\"},\"inLanguage\":\"de\",\"potentialAction\":[{\"@type\":\"ReadAction\",\"target\":[\"https:\\\/\\\/www.hairconsultancy.nl\\\/de\\\/medien\\\/leco-van-zadelhoff\\\/\"]}]},{\"@type\":\"ImageObject\",\"inLanguage\":\"de\",\"@id\":\"https:\\\/\\\/www.hairconsultancy.nl\\\/de\\\/medien\\\/leco-van-zadelhoff\\\/#primaryimage\",\"url\":\"https:\\\/\\\/www.hairconsultancy.nl\\\/wp-content\\\/uploads\\\/2020\\\/12\\\/leco-400zw-1.jpg\",\"contentUrl\":\"https:\\\/\\\/www.hairconsultancy.nl\\\/wp-content\\\/uploads\\\/2020\\\/12\\\/leco-400zw-1.jpg\",\"width\":1500,\"height\":2516},{\"@type\":\"BreadcrumbList\",\"@id\":\"https:\\\/\\\/www.hairconsultancy.nl\\\/de\\\/medien\\\/leco-van-zadelhoff\\\/#breadcrumb\",\"itemListElement\":[{\"@type\":\"ListItem\",\"position\":1,\"name\":\"Home\",\"item\":\"https:\\\/\\\/www.hairconsultancy.nl\\\/de\\\/\"},{\"@type\":\"ListItem\",\"position\":2,\"name\":\"Medien\",\"item\":\"https:\\\/\\\/www.hairconsultancy.nl\\\/de\\\/medien\\\/\"},{\"@type\":\"ListItem\",\"position\":3,\"name\":\"Leco van Zadelhoff \u00fcber Hair Consultancy Bussum\"}]},{\"@type\":\"WebSite\",\"@id\":\"https:\\\/\\\/www.hairconsultancy.nl\\\/de\\\/#website\",\"url\":\"https:\\\/\\\/www.hairconsultancy.nl\\\/de\\\/\",\"name\":\"Hair Consultancy Bussum\",\"description\":\"Hair Consultancy Bussum\",\"potentialAction\":[{\"@type\":\"SearchAction\",\"target\":{\"@type\":\"EntryPoint\",\"urlTemplate\":\"https:\\\/\\\/www.hairconsultancy.nl\\\/de\\\/?s={search_term_string}\"},\"query-input\":{\"@type\":\"PropertyValueSpecification\",\"valueRequired\":true,\"valueName\":\"search_term_string\"}}],\"inLanguage\":\"de\"}]}<\/script>\n<!-- \/ Yoast SEO plugin. -->","yoast_head_json":{"title":"Leco van Zadelhoff \u00fcber Hair Consultancy Bussum - Hair Consultancy Bussum","description":"Er erkl\u00e4rt, warum Leco Kunden mit Haarproblemen am liebsten an die Haarspezialisten von Hair Consultancy Bussum verweist:","robots":{"index":"index","follow":"follow","max-snippet":"max-snippet:-1","max-image-preview":"max-image-preview:large","max-video-preview":"max-video-preview:-1"},"canonical":"https:\/\/www.hairconsultancy.nl\/de\/medien\/leco-van-zadelhoff\/","og_locale":"de_DE","og_type":"article","og_title":"Leco van Zadelhoff \u00fcber Hair Consultancy Bussum - Hair Consultancy Bussum","og_description":"Er erkl\u00e4rt, warum Leco Kunden mit Haarproblemen am liebsten an die Haarspezialisten von Hair Consultancy Bussum verweist:","og_url":"https:\/\/www.hairconsultancy.nl\/de\/medien\/leco-van-zadelhoff\/","og_site_name":"Hair Consultancy Bussum","article_modified_time":"2021-01-11T09:22:49+00:00","og_image":[{"width":1500,"height":2516,"url":"https:\/\/www.hairconsultancy.nl\/wp-content\/uploads\/2020\/12\/leco-400zw-1.jpg","type":"image\/jpeg"}],"twitter_card":"summary_large_image","twitter_misc":{"Gesch\u00e4tzte Lesezeit":"1\u00a0Minute"},"schema":{"@context":"https:\/\/schema.org","@graph":[{"@type":"WebPage","@id":"https:\/\/www.hairconsultancy.nl\/de\/medien\/leco-van-zadelhoff\/","url":"https:\/\/www.hairconsultancy.nl\/de\/medien\/leco-van-zadelhoff\/","name":"Leco van Zadelhoff \u00fcber Hair Consultancy Bussum - Hair Consultancy Bussum","isPartOf":{"@id":"https:\/\/www.hairconsultancy.nl\/de\/#website"},"primaryImageOfPage":{"@id":"https:\/\/www.hairconsultancy.nl\/de\/medien\/leco-van-zadelhoff\/#primaryimage"},"image":{"@id":"https:\/\/www.hairconsultancy.nl\/de\/medien\/leco-van-zadelhoff\/#primaryimage"},"thumbnailUrl":"https:\/\/www.hairconsultancy.nl\/wp-content\/uploads\/2020\/12\/leco-400zw-1.jpg","datePublished":"2021-01-11T09:22:48+00:00","dateModified":"2021-01-11T09:22:49+00:00","description":"Er erkl\u00e4rt, warum Leco Kunden mit Haarproblemen am liebsten an die Haarspezialisten von Hair Consultancy Bussum verweist:","breadcrumb":{"@id":"https:\/\/www.hairconsultancy.nl\/de\/medien\/leco-van-zadelhoff\/#breadcrumb"},"inLanguage":"de","potentialAction":[{"@type":"ReadAction","target":["https:\/\/www.hairconsultancy.nl\/de\/medien\/leco-van-zadelhoff\/"]}]},{"@type":"ImageObject","inLanguage":"de","@id":"https:\/\/www.hairconsultancy.nl\/de\/medien\/leco-van-zadelhoff\/#primaryimage","url":"https:\/\/www.hairconsultancy.nl\/wp-content\/uploads\/2020\/12\/leco-400zw-1.jpg","contentUrl":"https:\/\/www.hairconsultancy.nl\/wp-content\/uploads\/2020\/12\/leco-400zw-1.jpg","width":1500,"height":2516},{"@type":"BreadcrumbList","@id":"https:\/\/www.hairconsultancy.nl\/de\/medien\/leco-van-zadelhoff\/#breadcrumb","itemListElement":[{"@type":"ListItem","position":1,"name":"Home","item":"https:\/\/www.hairconsultancy.nl\/de\/"},{"@type":"ListItem","position":2,"name":"Medien","item":"https:\/\/www.hairconsultancy.nl\/de\/medien\/"},{"@type":"ListItem","position":3,"name":"Leco van Zadelhoff \u00fcber Hair Consultancy Bussum"}]},{"@type":"WebSite","@id":"https:\/\/www.hairconsultancy.nl\/de\/#website","url":"https:\/\/www.hairconsultancy.nl\/de\/","name":"Hair Consultancy Bussum","description":"Hair Consultancy Bussum","potentialAction":[{"@type":"SearchAction","target":{"@type":"EntryPoint","urlTemplate":"https:\/\/www.hairconsultancy.nl\/de\/?s={search_term_string}"},"query-input":{"@type":"PropertyValueSpecification","valueRequired":true,"valueName":"search_term_string"}}],"inLanguage":"de"}]}},"_links":{"self":[{"href":"https:\/\/www.hairconsultancy.nl\/de\/wp-json\/wp\/v2\/pages\/3791","targetHints":{"allow":["GET"]}}],"collection":[{"href":"https:\/\/www.hairconsultancy.nl\/de\/wp-json\/wp\/v2\/pages"}],"about":[{"href":"https:\/\/www.hairconsultancy.nl\/de\/wp-json\/wp\/v2\/types\/page"}],"author":[{"embeddable":true,"href":"https:\/\/www.hairconsultancy.nl\/de\/wp-json\/wp\/v2\/users\/3336"}],"replies":[{"embeddable":true,"href":"https:\/\/www.hairconsultancy.nl\/de\/wp-json\/wp\/v2\/comments?post=3791"}],"version-history":[{"count":1,"href":"https:\/\/www.hairconsultancy.nl\/de\/wp-json\/wp\/v2\/pages\/3791\/revisions"}],"predecessor-version":[{"id":3792,"href":"https:\/\/www.hairconsultancy.nl\/de\/wp-json\/wp\/v2\/pages\/3791\/revisions\/3792"}],"up":[{"embeddable":true,"href":"https:\/\/www.hairconsultancy.nl\/de\/wp-json\/wp\/v2\/pages\/2316"}],"wp:featuredmedia":[{"embeddable":true,"href":"https:\/\/www.hairconsultancy.nl\/de\/wp-json\/wp\/v2\/media\/3193"}],"wp:attachment":[{"href":"https:\/\/www.hairconsultancy.nl\/de\/wp-json\/wp\/v2\/media?parent=3791"}],"curies":[{"name":"wp","href":"https:\/\/api.w.org\/{rel}","templated":true}]}}